{"id":7139,"date":"2024-06-12T18:11:39","date_gmt":"2024-06-12T16:11:39","guid":{"rendered":"https:\/\/kiddymusics.egluu.com\/?post_type=product&#038;p=7139"},"modified":"2024-06-12T18:16:52","modified_gmt":"2024-06-12T16:16:52","slug":"taller-educadors-iniciacio-kiddymusics0-3","status":"publish","type":"product","link":"https:\/\/kiddymusics.egluu.com\/ca\/producte\/taller-educadors-iniciacio-kiddymusics0-3\/","title":{"rendered":"Taller per Educadors &#8211; Iniciaci\u00f3 al M\u00e8tode d&#8217;Estimulaci\u00f3 Musical KiddyMusics de 0 a 3 anys"},"content":{"rendered":"<h3><strong>Data:<\/strong> Divendres 28 i Dissabte 29 de Juny de 2024<\/h3>\n<h3><strong>Horari:<\/strong> De 10:00h a 14:00h<\/h3>\n<h3><strong>Lloc:<\/strong> Al nostre centre KiddyMusics al C\/Roger de Flor, 291 de Barcelona<\/h3>\n","protected":false},"excerpt":{"rendered":"<h3 style=\"text-align: center;\">Adre\u00e7at a educadors, estudiants de m\u00fasica i\/o educaci\u00f3 infantil i prim\u00e0ria, i professionals amb experi\u00e8ncia musical.<\/h3>\n","protected":false},"author":1,"featured_media":3238,"comment_status":"open","ping_status":"closed","template":"","meta":{"_acf_changed":false,"pmpro_default_level":""},"product_brand":[],"product_cat":[177],"product_tag":[],"class_list":{"0":"post-7139","1":"product","2":"type-product","3":"status-publish","4":"has-post-thumbnail","6":"product_cat-kiddymusics","7":"pmpro-has-access","9":"first","10":"instock","11":"virtual","12":"sold-individually","13":"purchasable","14":"product-type-course"},"acf":[],"yoast_head":"<!-- This site is optimized with the Yoast SEO plugin v24.9 - https:\/\/yoast.com\/wordpress\/plugins\/seo\/ -->\n<title>Taller per Educadors - Iniciaci\u00f3 al M\u00e8tode d&#039;Estimulaci\u00f3 Musical KiddyMusics de 0 a 3 anys | KiddyMusics<\/title>\n<meta name=\"robots\" content=\"noindex, follow, max-snippet:-1, max-image-preview:large, max-video-preview:-1\" \/>\n<meta property=\"og:locale\" content=\"ca_ES\" \/>\n<meta property=\"og:type\" content=\"article\" \/>\n<meta property=\"og:title\" content=\"Taller per Educadors - Iniciaci\u00f3 al M\u00e8tode d&#039;Estimulaci\u00f3 Musical KiddyMusics de 0 a 3 anys | KiddyMusics\" \/>\n<meta property=\"og:description\" content=\"Adre\u00e7at a educadors, estudiants de m\u00fasica i\/o educaci\u00f3 infantil i prim\u00e0ria, i professionals amb experi\u00e8ncia musical.\" \/>\n<meta property=\"og:url\" content=\"https:\/\/kiddymusics.egluu.com\/ca\/producte\/taller-educadors-iniciacio-kiddymusics0-3\/\" \/>\n<meta property=\"og:site_name\" content=\"KiddyMusics\" \/>\n<meta property=\"article:modified_time\" content=\"2024-06-12T16:16:52+00:00\" \/>\n<meta property=\"og:image\" content=\"https:\/\/kiddymusics.egluu.com\/wp-content\/uploads\/2019\/12\/kf1a.jpg\" \/>\n\t<meta property=\"og:image:width\" content=\"500\" \/>\n\t<meta property=\"og:image:height\" content=\"500\" \/>\n\t<meta property=\"og:image:type\" content=\"image\/jpeg\" \/>\n<meta name=\"twitter:card\" content=\"summary_large_image\" \/>\n<meta name=\"twitter:label1\" content=\"Est. reading time\" \/>\n\t<meta name=\"twitter:data1\" content=\"1 minute\" \/>\n<script type=\"application\/ld+json\" class=\"yoast-schema-graph\">{\"@context\":\"https:\/\/schema.org\",\"@graph\":[{\"@type\":\"WebPage\",\"@id\":\"https:\/\/kiddymusics.egluu.com\/ca\/producte\/taller-educadors-iniciacio-kiddymusics0-3\/\",\"url\":\"https:\/\/kiddymusics.egluu.com\/ca\/producte\/taller-educadors-iniciacio-kiddymusics0-3\/\",\"name\":\"Taller per Educadors - Iniciaci\u00f3 al M\u00e8tode d'Estimulaci\u00f3 Musical KiddyMusics de 0 a 3 anys | KiddyMusics\",\"isPartOf\":{\"@id\":\"https:\/\/kiddymusics.egluu.com\/ca\/#website\"},\"primaryImageOfPage\":{\"@id\":\"https:\/\/kiddymusics.egluu.com\/ca\/producte\/taller-educadors-iniciacio-kiddymusics0-3\/#primaryimage\"},\"image\":{\"@id\":\"https:\/\/kiddymusics.egluu.com\/ca\/producte\/taller-educadors-iniciacio-kiddymusics0-3\/#primaryimage\"},\"thumbnailUrl\":\"https:\/\/kiddymusics.egluu.com\/wp-content\/uploads\/2019\/12\/kf1a.jpg\",\"datePublished\":\"2024-06-12T16:11:39+00:00\",\"dateModified\":\"2024-06-12T16:16:52+00:00\",\"breadcrumb\":{\"@id\":\"https:\/\/kiddymusics.egluu.com\/ca\/producte\/taller-educadors-iniciacio-kiddymusics0-3\/#breadcrumb\"},\"inLanguage\":\"ca-ES\",\"potentialAction\":[{\"@type\":\"ReadAction\",\"target\":[\"https:\/\/kiddymusics.egluu.com\/ca\/producte\/taller-educadors-iniciacio-kiddymusics0-3\/\"]}]},{\"@type\":\"ImageObject\",\"inLanguage\":\"ca-ES\",\"@id\":\"https:\/\/kiddymusics.egluu.com\/ca\/producte\/taller-educadors-iniciacio-kiddymusics0-3\/#primaryimage\",\"url\":\"https:\/\/kiddymusics.egluu.com\/wp-content\/uploads\/2019\/12\/kf1a.jpg\",\"contentUrl\":\"https:\/\/kiddymusics.egluu.com\/wp-content\/uploads\/2019\/12\/kf1a.jpg\",\"width\":500,\"height\":500},{\"@type\":\"BreadcrumbList\",\"@id\":\"https:\/\/kiddymusics.egluu.com\/ca\/producte\/taller-educadors-iniciacio-kiddymusics0-3\/#breadcrumb\",\"itemListElement\":[{\"@type\":\"ListItem\",\"position\":1,\"name\":\"Home\",\"item\":\"https:\/\/kiddymusics.egluu.com\/ca\/\"},{\"@type\":\"ListItem\",\"position\":2,\"name\":\"Veure tots els productes\",\"item\":\"https:\/\/kiddymusics.egluu.com\/ca\/botiga\/shop\/\"},{\"@type\":\"ListItem\",\"position\":3,\"name\":\"Taller per Educadors &#8211; Iniciaci\u00f3 al M\u00e8tode d&#8217;Estimulaci\u00f3 Musical KiddyMusics de 0 a 3 anys\"}]},{\"@type\":\"WebSite\",\"@id\":\"https:\/\/kiddymusics.egluu.com\/ca\/#website\",\"url\":\"https:\/\/kiddymusics.egluu.com\/ca\/\",\"name\":\"KiddyMusics\",\"description\":\"Plataforma per a l\u2019Educaci\u00f3 i la Difusi\u00f3 de la M\u00fasica\",\"publisher\":{\"@id\":\"https:\/\/kiddymusics.egluu.com\/ca\/#organization\"},\"potentialAction\":[{\"@type\":\"SearchAction\",\"target\":{\"@type\":\"EntryPoint\",\"urlTemplate\":\"https:\/\/kiddymusics.egluu.com\/ca\/?s={search_term_string}\"},\"query-input\":{\"@type\":\"PropertyValueSpecification\",\"valueRequired\":true,\"valueName\":\"search_term_string\"}}],\"inLanguage\":\"ca-ES\"},{\"@type\":\"Organization\",\"@id\":\"https:\/\/kiddymusics.egluu.com\/ca\/#organization\",\"name\":\"KiddyMusics\",\"url\":\"https:\/\/kiddymusics.egluu.com\/ca\/\",\"logo\":{\"@type\":\"ImageObject\",\"inLanguage\":\"ca-ES\",\"@id\":\"https:\/\/kiddymusics.egluu.com\/ca\/#\/schema\/logo\/image\/\",\"url\":\"https:\/\/kiddymusics.egluu.com\/wp-content\/uploads\/2019\/12\/cropped-KM-logo-235.png\",\"contentUrl\":\"https:\/\/kiddymusics.egluu.com\/wp-content\/uploads\/2019\/12\/cropped-KM-logo-235.png\",\"width\":250,\"height\":250,\"caption\":\"KiddyMusics\"},\"image\":{\"@id\":\"https:\/\/kiddymusics.egluu.com\/ca\/#\/schema\/logo\/image\/\"}}]}<\/script>\n<!-- \/ Yoast SEO plugin. -->","yoast_head_json":{"title":"Taller per Educadors - Iniciaci\u00f3 al M\u00e8tode d'Estimulaci\u00f3 Musical KiddyMusics de 0 a 3 anys | KiddyMusics","robots":{"index":"noindex","follow":"follow","max-snippet":"max-snippet:-1","max-image-preview":"max-image-preview:large","max-video-preview":"max-video-preview:-1"},"og_locale":"ca_ES","og_type":"article","og_title":"Taller per Educadors - Iniciaci\u00f3 al M\u00e8tode d'Estimulaci\u00f3 Musical KiddyMusics de 0 a 3 anys | KiddyMusics","og_description":"Adre\u00e7at a educadors, estudiants de m\u00fasica i\/o educaci\u00f3 infantil i prim\u00e0ria, i professionals amb experi\u00e8ncia musical.","og_url":"https:\/\/kiddymusics.egluu.com\/ca\/producte\/taller-educadors-iniciacio-kiddymusics0-3\/","og_site_name":"KiddyMusics","article_modified_time":"2024-06-12T16:16:52+00:00","og_image":[{"width":500,"height":500,"url":"https:\/\/kiddymusics.egluu.com\/wp-content\/uploads\/2019\/12\/kf1a.jpg","type":"image\/jpeg"}],"twitter_card":"summary_large_image","twitter_misc":{"Est. reading time":"1 minute"},"schema":{"@context":"https:\/\/schema.org","@graph":[{"@type":"WebPage","@id":"https:\/\/kiddymusics.egluu.com\/ca\/producte\/taller-educadors-iniciacio-kiddymusics0-3\/","url":"https:\/\/kiddymusics.egluu.com\/ca\/producte\/taller-educadors-iniciacio-kiddymusics0-3\/","name":"Taller per Educadors - Iniciaci\u00f3 al M\u00e8tode d'Estimulaci\u00f3 Musical KiddyMusics de 0 a 3 anys | KiddyMusics","isPartOf":{"@id":"https:\/\/kiddymusics.egluu.com\/ca\/#website"},"primaryImageOfPage":{"@id":"https:\/\/kiddymusics.egluu.com\/ca\/producte\/taller-educadors-iniciacio-kiddymusics0-3\/#primaryimage"},"image":{"@id":"https:\/\/kiddymusics.egluu.com\/ca\/producte\/taller-educadors-iniciacio-kiddymusics0-3\/#primaryimage"},"thumbnailUrl":"https:\/\/kiddymusics.egluu.com\/wp-content\/uploads\/2019\/12\/kf1a.jpg","datePublished":"2024-06-12T16:11:39+00:00","dateModified":"2024-06-12T16:16:52+00:00","breadcrumb":{"@id":"https:\/\/kiddymusics.egluu.com\/ca\/producte\/taller-educadors-iniciacio-kiddymusics0-3\/#breadcrumb"},"inLanguage":"ca-ES","potentialAction":[{"@type":"ReadAction","target":["https:\/\/kiddymusics.egluu.com\/ca\/producte\/taller-educadors-iniciacio-kiddymusics0-3\/"]}]},{"@type":"ImageObject","inLanguage":"ca-ES","@id":"https:\/\/kiddymusics.egluu.com\/ca\/producte\/taller-educadors-iniciacio-kiddymusics0-3\/#primaryimage","url":"https:\/\/kiddymusics.egluu.com\/wp-content\/uploads\/2019\/12\/kf1a.jpg","contentUrl":"https:\/\/kiddymusics.egluu.com\/wp-content\/uploads\/2019\/12\/kf1a.jpg","width":500,"height":500},{"@type":"BreadcrumbList","@id":"https:\/\/kiddymusics.egluu.com\/ca\/producte\/taller-educadors-iniciacio-kiddymusics0-3\/#breadcrumb","itemListElement":[{"@type":"ListItem","position":1,"name":"Home","item":"https:\/\/kiddymusics.egluu.com\/ca\/"},{"@type":"ListItem","position":2,"name":"Veure tots els productes","item":"https:\/\/kiddymusics.egluu.com\/ca\/botiga\/shop\/"},{"@type":"ListItem","position":3,"name":"Taller per Educadors &#8211; Iniciaci\u00f3 al M\u00e8tode d&#8217;Estimulaci\u00f3 Musical KiddyMusics de 0 a 3 anys"}]},{"@type":"WebSite","@id":"https:\/\/kiddymusics.egluu.com\/ca\/#website","url":"https:\/\/kiddymusics.egluu.com\/ca\/","name":"KiddyMusics","description":"Plataforma per a l\u2019Educaci\u00f3 i la Difusi\u00f3 de la M\u00fasica","publisher":{"@id":"https:\/\/kiddymusics.egluu.com\/ca\/#organization"},"potentialAction":[{"@type":"SearchAction","target":{"@type":"EntryPoint","urlTemplate":"https:\/\/kiddymusics.egluu.com\/ca\/?s={search_term_string}"},"query-input":{"@type":"PropertyValueSpecification","valueRequired":true,"valueName":"search_term_string"}}],"inLanguage":"ca-ES"},{"@type":"Organization","@id":"https:\/\/kiddymusics.egluu.com\/ca\/#organization","name":"KiddyMusics","url":"https:\/\/kiddymusics.egluu.com\/ca\/","logo":{"@type":"ImageObject","inLanguage":"ca-ES","@id":"https:\/\/kiddymusics.egluu.com\/ca\/#\/schema\/logo\/image\/","url":"https:\/\/kiddymusics.egluu.com\/wp-content\/uploads\/2019\/12\/cropped-KM-logo-235.png","contentUrl":"https:\/\/kiddymusics.egluu.com\/wp-content\/uploads\/2019\/12\/cropped-KM-logo-235.png","width":250,"height":250,"caption":"KiddyMusics"},"image":{"@id":"https:\/\/kiddymusics.egluu.com\/ca\/#\/schema\/logo\/image\/"}}]}},"_links":{"self":[{"href":"https:\/\/kiddymusics.egluu.com\/ca\/wp-json\/wp\/v2\/product\/7139","targetHints":{"allow":["GET"]}}],"collection":[{"href":"https:\/\/kiddymusics.egluu.com\/ca\/wp-json\/wp\/v2\/product"}],"about":[{"href":"https:\/\/kiddymusics.egluu.com\/ca\/wp-json\/wp\/v2\/types\/product"}],"author":[{"embeddable":true,"href":"https:\/\/kiddymusics.egluu.com\/ca\/wp-json\/wp\/v2\/users\/1"}],"replies":[{"embeddable":true,"href":"https:\/\/kiddymusics.egluu.com\/ca\/wp-json\/wp\/v2\/comments?post=7139"}],"wp:featuredmedia":[{"embeddable":true,"href":"https:\/\/kiddymusics.egluu.com\/ca\/wp-json\/wp\/v2\/media\/3238"}],"wp:attachment":[{"href":"https:\/\/kiddymusics.egluu.com\/ca\/wp-json\/wp\/v2\/media?parent=7139"}],"wp:term":[{"taxonomy":"product_brand","embeddable":true,"href":"https:\/\/kiddymusics.egluu.com\/ca\/wp-json\/wp\/v2\/product_brand?post=7139"},{"taxonomy":"product_cat","embeddable":true,"href":"https:\/\/kiddymusics.egluu.com\/ca\/wp-json\/wp\/v2\/product_cat?post=7139"},{"taxonomy":"product_tag","embeddable":true,"href":"https:\/\/kiddymusics.egluu.com\/ca\/wp-json\/wp\/v2\/product_tag?post=7139"}],"curies":[{"name":"wp","href":"https:\/\/api.w.org\/{rel}","templated":true}]}}