{"id":6985,"date":"2024-05-22T09:55:48","date_gmt":"2024-05-22T07:55:48","guid":{"rendered":"https:\/\/kiddymusics.egluu.com\/que-es-kiddymusics-click\/"},"modified":"2024-05-23T18:06:59","modified_gmt":"2024-05-23T16:06:59","slug":"formacio_educadors","status":"publish","type":"page","link":"https:\/\/kiddymusics.egluu.com\/ca\/formacio_educadors\/","title":{"rendered":"Formaci\u00f3 d&#8217;Educadors"},"content":{"rendered":"<p>El projecte <strong>KiddyMusics<\/strong> \u00e9s un espai viu on tothom pot trobar un lloc on desenvolupar-se; els futurs professionals, els educadors en constant evoluci\u00f3 i les persones que, encara que no es vulguin professionalitzar, volen con\u00e8ixer com relacionar-se amb els m\u00e9s petits mitjan\u00e7ant la m\u00fasica. <strong>KiddyMusics<\/strong>t\u2019ofereix la possibilitat de compartir els seus coneixements i les seves experi\u00e8ncies en l\u2019\u00e0mbit de l\u2019educaci\u00f3 musical a trav\u00e9s dels seus TALLERS DE CAPACITACI\u00d3.<\/p><h4 class=\"wp-block-heading\">&nbsp;<\/h4><h4 class=\"wp-block-heading\">Per qu\u00e8 el TALLER DE CAPACITACI\u00d3 de KiddyMusics<\/h4><p>La nostra experi\u00e8ncia en l\u2019\u00e0mbit de la Capacitaci\u00f3 ens diu que la teoria que aporta el professorat a l\u2019hora d\u2019 impartir una sessi\u00f3 es veu de vegades desbordada per la situaci\u00f3 real de tractar infants i\/o acompanyants amb diverses sensibilitats o estats d\u2019\u00e0nim per exemple. Aspectes que hom hauria de tenir per poder treballar amb infants i\/o acompanyants com s\u00f3n: l\u2019empatia, l\u2019energia, la vocaci\u00f3, la planificaci\u00f3 acurada de les sessions, l\u2019 aplicaci\u00f3 de les din\u00e0miques, la observaci\u00f3 i la creativitat va m\u00e9s enll\u00e0 que els propis coneixements o la formaci\u00f3 te\u00f2rica rebuda. Aquests aspectes ens portaran a aconseguir una bona cohesi\u00f3 de grup, una evoluci\u00f3 continuada, dels nens\/es i pares, i sobretot treballar en un ambient relaxat, reconfortant i gratificant per a tots\/es. En resum obtenir l\u2019\u00e8xit de l\u2019activitat per a tots.<\/p><h4 class=\"wp-block-heading\">El TALLER DE CAPACITACI\u00d3 de KiddyMusics consta de cinc sessions:<\/h4><p>Una de preparaci\u00f3 m\u00e9s quatre en situacions reals, i combinar la filosofia i la pr\u00e0ctica en un ambient relaxat i solidari perqu\u00e8 es pugui observar com posem en pr\u00e0ctica la nostra teoria.<\/p><h3 class=\"wp-block-heading\">Que pots aprendre:<\/h3><p>\u2013 Sobre la nostra filosofia i com la recerca d\u00f3na suport al nostre projecte curricular.<br>\u2013 Sobre la influ\u00e8ncia de la m\u00fasica en el desenvolupament dels infants i sobre com aplicar-la.<br>\u2013 Un nou repertori de can\u00e7ons, de patrons, d\u2019activitats musicals, etc\u2026<br>\u2013 Com planificar les sessions i gestionar una aula.<br>\u2013 Com transmetre la informaci\u00f3 als pares i als cuidadors.<\/p><h3 class=\"wp-block-heading\">I Tamb\u00e9 podr\u00e0s:<\/h3><p>\u2013 Assistir a quatre sessions pr\u00e0ctiques en viu impartides per professors experimentats.<br>\u2013 Practicar el contingut del material emprat.<br>\u2013 Rebre l\u2019atenci\u00f3 personal, l\u2019entrenament i els comentaris dels preparadors.<br>\u2013 Con\u00e8ixer i divertir-te amb altres persones que estimen els nens i la m\u00fasica.<\/p><p>Les places als nostres Tallers son limitades, permeten a cada participant rebre l\u2019atenci\u00f3 personal del preparador. D\u2019aquesta manera, en funci\u00f3 de la teva experi\u00e8ncia i la teva capacitat, estar\u00e0s a punt d\u2019aplicar els teus coneixements tan aviat com hagis acabat les cinc sessions.<\/p><div class=\"wp-block-image\"><figure class=\"aligncenter\"><img loading=\"lazy\" decoding=\"async\" width=\"500\" height=\"500\" src=\"https:\/\/kiddymusics.egluu.com\/wp-content\/uploads\/2018\/01\/blog-2.jpg\" alt=\"\" class=\"wp-image-2391\" srcset=\"https:\/\/kiddymusics.egluu.com\/wp-content\/uploads\/2018\/01\/blog-2.jpg 500w, https:\/\/kiddymusics.egluu.com\/wp-content\/uploads\/2018\/01\/blog-2-150x150.jpg 150w, https:\/\/kiddymusics.egluu.com\/wp-content\/uploads\/2018\/01\/blog-2-300x300.jpg 300w, https:\/\/kiddymusics.egluu.com\/wp-content\/uploads\/2018\/01\/blog-2-100x100.jpg 100w\" sizes=\"auto, (max-width: 500px) 100vw, 500px\" \/><\/figure><\/div><h2 class=\"wp-block-heading\">&nbsp;<\/h2><h2 class=\"wp-block-heading\"><strong>Benvinguts a KiddyMusics<\/strong><\/h2>","protected":false},"excerpt":{"rendered":"<p>Mestres, Pares i Mares<\/p>\n","protected":false},"author":1,"featured_media":1617,"parent":0,"menu_order":87,"comment_status":"closed","ping_status":"closed","template":"page-bannerheader.php","meta":{"_acf_changed":false,"pmpro_default_level":"0","footnotes":""},"class_list":["post-6985","page","type-page","status-publish","has-post-thumbnail","hentry","pmpro-has-access"],"acf":[],"yoast_head":"<!-- This site is optimized with the Yoast SEO plugin v24.9 - https:\/\/yoast.com\/wordpress\/plugins\/seo\/ -->\n<title>Formaci\u00f3 d&#039;Educadors | KiddyMusics<\/title>\n<meta name=\"robots\" content=\"noindex, follow, max-snippet:-1, max-image-preview:large, max-video-preview:-1\" \/>\n<meta property=\"og:locale\" content=\"ca_ES\" \/>\n<meta property=\"og:type\" content=\"article\" \/>\n<meta property=\"og:title\" content=\"Formaci\u00f3 d&#039;Educadors | KiddyMusics\" \/>\n<meta property=\"og:description\" content=\"Mestres, Pares i Mares\" \/>\n<meta property=\"og:url\" content=\"https:\/\/kiddymusics.egluu.com\/ca\/formacio_educadors\/\" \/>\n<meta property=\"og:site_name\" content=\"KiddyMusics\" \/>\n<meta property=\"article:modified_time\" content=\"2024-05-23T16:06:59+00:00\" \/>\n<meta property=\"og:image\" content=\"https:\/\/kiddymusics.egluu.com\/wp-content\/uploads\/2018\/02\/teatre_musical_formacio_lliure-e1528878310816.jpg\" \/>\n\t<meta property=\"og:image:width\" content=\"900\" \/>\n\t<meta property=\"og:image:height\" content=\"206\" \/>\n\t<meta property=\"og:image:type\" content=\"image\/jpeg\" \/>\n<meta name=\"twitter:card\" content=\"summary_large_image\" \/>\n<meta name=\"twitter:label1\" content=\"Est. reading time\" \/>\n\t<meta name=\"twitter:data1\" content=\"3 minutes\" \/>\n<script type=\"application\/ld+json\" class=\"yoast-schema-graph\">{\"@context\":\"https:\/\/schema.org\",\"@graph\":[{\"@type\":\"WebPage\",\"@id\":\"https:\/\/kiddymusics.egluu.com\/ca\/formacio_educadors\/\",\"url\":\"https:\/\/kiddymusics.egluu.com\/ca\/formacio_educadors\/\",\"name\":\"Formaci\u00f3 d'Educadors | KiddyMusics\",\"isPartOf\":{\"@id\":\"https:\/\/kiddymusics.egluu.com\/ca\/#website\"},\"primaryImageOfPage\":{\"@id\":\"https:\/\/kiddymusics.egluu.com\/ca\/formacio_educadors\/#primaryimage\"},\"image\":{\"@id\":\"https:\/\/kiddymusics.egluu.com\/ca\/formacio_educadors\/#primaryimage\"},\"thumbnailUrl\":\"https:\/\/kiddymusics.egluu.com\/wp-content\/uploads\/2018\/02\/teatre_musical_formacio_lliure-e1528878310816.jpg\",\"datePublished\":\"2024-05-22T07:55:48+00:00\",\"dateModified\":\"2024-05-23T16:06:59+00:00\",\"breadcrumb\":{\"@id\":\"https:\/\/kiddymusics.egluu.com\/ca\/formacio_educadors\/#breadcrumb\"},\"inLanguage\":\"ca-ES\",\"potentialAction\":[{\"@type\":\"ReadAction\",\"target\":[\"https:\/\/kiddymusics.egluu.com\/ca\/formacio_educadors\/\"]}]},{\"@type\":\"ImageObject\",\"inLanguage\":\"ca-ES\",\"@id\":\"https:\/\/kiddymusics.egluu.com\/ca\/formacio_educadors\/#primaryimage\",\"url\":\"https:\/\/kiddymusics.egluu.com\/wp-content\/uploads\/2018\/02\/teatre_musical_formacio_lliure-e1528878310816.jpg\",\"contentUrl\":\"https:\/\/kiddymusics.egluu.com\/wp-content\/uploads\/2018\/02\/teatre_musical_formacio_lliure-e1528878310816.jpg\",\"width\":900,\"height\":206,\"caption\":\"classes de teatre muiscal per a joves\"},{\"@type\":\"BreadcrumbList\",\"@id\":\"https:\/\/kiddymusics.egluu.com\/ca\/formacio_educadors\/#breadcrumb\",\"itemListElement\":[{\"@type\":\"ListItem\",\"position\":1,\"name\":\"Home\",\"item\":\"https:\/\/kiddymusics.egluu.com\/ca\/\"},{\"@type\":\"ListItem\",\"position\":2,\"name\":\"Formaci\u00f3 d&#8217;Educadors\"}]},{\"@type\":\"WebSite\",\"@id\":\"https:\/\/kiddymusics.egluu.com\/ca\/#website\",\"url\":\"https:\/\/kiddymusics.egluu.com\/ca\/\",\"name\":\"KiddyMusics\",\"description\":\"Plataforma per a l\u2019Educaci\u00f3 i la Difusi\u00f3 de la M\u00fasica\",\"publisher\":{\"@id\":\"https:\/\/kiddymusics.egluu.com\/ca\/#organization\"},\"potentialAction\":[{\"@type\":\"SearchAction\",\"target\":{\"@type\":\"EntryPoint\",\"urlTemplate\":\"https:\/\/kiddymusics.egluu.com\/ca\/?s={search_term_string}\"},\"query-input\":{\"@type\":\"PropertyValueSpecification\",\"valueRequired\":true,\"valueName\":\"search_term_string\"}}],\"inLanguage\":\"ca-ES\"},{\"@type\":\"Organization\",\"@id\":\"https:\/\/kiddymusics.egluu.com\/ca\/#organization\",\"name\":\"KiddyMusics\",\"url\":\"https:\/\/kiddymusics.egluu.com\/ca\/\",\"logo\":{\"@type\":\"ImageObject\",\"inLanguage\":\"ca-ES\",\"@id\":\"https:\/\/kiddymusics.egluu.com\/ca\/#\/schema\/logo\/image\/\",\"url\":\"https:\/\/kiddymusics.egluu.com\/wp-content\/uploads\/2019\/12\/cropped-KM-logo-235.png\",\"contentUrl\":\"https:\/\/kiddymusics.egluu.com\/wp-content\/uploads\/2019\/12\/cropped-KM-logo-235.png\",\"width\":250,\"height\":250,\"caption\":\"KiddyMusics\"},\"image\":{\"@id\":\"https:\/\/kiddymusics.egluu.com\/ca\/#\/schema\/logo\/image\/\"}}]}<\/script>\n<!-- \/ Yoast SEO plugin. -->","yoast_head_json":{"title":"Formaci\u00f3 d'Educadors | KiddyMusics","robots":{"index":"noindex","follow":"follow","max-snippet":"max-snippet:-1","max-image-preview":"max-image-preview:large","max-video-preview":"max-video-preview:-1"},"og_locale":"ca_ES","og_type":"article","og_title":"Formaci\u00f3 d'Educadors | KiddyMusics","og_description":"Mestres, Pares i Mares","og_url":"https:\/\/kiddymusics.egluu.com\/ca\/formacio_educadors\/","og_site_name":"KiddyMusics","article_modified_time":"2024-05-23T16:06:59+00:00","og_image":[{"width":900,"height":206,"url":"https:\/\/kiddymusics.egluu.com\/wp-content\/uploads\/2018\/02\/teatre_musical_formacio_lliure-e1528878310816.jpg","type":"image\/jpeg"}],"twitter_card":"summary_large_image","twitter_misc":{"Est. reading time":"3 minutes"},"schema":{"@context":"https:\/\/schema.org","@graph":[{"@type":"WebPage","@id":"https:\/\/kiddymusics.egluu.com\/ca\/formacio_educadors\/","url":"https:\/\/kiddymusics.egluu.com\/ca\/formacio_educadors\/","name":"Formaci\u00f3 d'Educadors | KiddyMusics","isPartOf":{"@id":"https:\/\/kiddymusics.egluu.com\/ca\/#website"},"primaryImageOfPage":{"@id":"https:\/\/kiddymusics.egluu.com\/ca\/formacio_educadors\/#primaryimage"},"image":{"@id":"https:\/\/kiddymusics.egluu.com\/ca\/formacio_educadors\/#primaryimage"},"thumbnailUrl":"https:\/\/kiddymusics.egluu.com\/wp-content\/uploads\/2018\/02\/teatre_musical_formacio_lliure-e1528878310816.jpg","datePublished":"2024-05-22T07:55:48+00:00","dateModified":"2024-05-23T16:06:59+00:00","breadcrumb":{"@id":"https:\/\/kiddymusics.egluu.com\/ca\/formacio_educadors\/#breadcrumb"},"inLanguage":"ca-ES","potentialAction":[{"@type":"ReadAction","target":["https:\/\/kiddymusics.egluu.com\/ca\/formacio_educadors\/"]}]},{"@type":"ImageObject","inLanguage":"ca-ES","@id":"https:\/\/kiddymusics.egluu.com\/ca\/formacio_educadors\/#primaryimage","url":"https:\/\/kiddymusics.egluu.com\/wp-content\/uploads\/2018\/02\/teatre_musical_formacio_lliure-e1528878310816.jpg","contentUrl":"https:\/\/kiddymusics.egluu.com\/wp-content\/uploads\/2018\/02\/teatre_musical_formacio_lliure-e1528878310816.jpg","width":900,"height":206,"caption":"classes de teatre muiscal per a joves"},{"@type":"BreadcrumbList","@id":"https:\/\/kiddymusics.egluu.com\/ca\/formacio_educadors\/#breadcrumb","itemListElement":[{"@type":"ListItem","position":1,"name":"Home","item":"https:\/\/kiddymusics.egluu.com\/ca\/"},{"@type":"ListItem","position":2,"name":"Formaci\u00f3 d&#8217;Educadors"}]},{"@type":"WebSite","@id":"https:\/\/kiddymusics.egluu.com\/ca\/#website","url":"https:\/\/kiddymusics.egluu.com\/ca\/","name":"KiddyMusics","description":"Plataforma per a l\u2019Educaci\u00f3 i la Difusi\u00f3 de la M\u00fasica","publisher":{"@id":"https:\/\/kiddymusics.egluu.com\/ca\/#organization"},"potentialAction":[{"@type":"SearchAction","target":{"@type":"EntryPoint","urlTemplate":"https:\/\/kiddymusics.egluu.com\/ca\/?s={search_term_string}"},"query-input":{"@type":"PropertyValueSpecification","valueRequired":true,"valueName":"search_term_string"}}],"inLanguage":"ca-ES"},{"@type":"Organization","@id":"https:\/\/kiddymusics.egluu.com\/ca\/#organization","name":"KiddyMusics","url":"https:\/\/kiddymusics.egluu.com\/ca\/","logo":{"@type":"ImageObject","inLanguage":"ca-ES","@id":"https:\/\/kiddymusics.egluu.com\/ca\/#\/schema\/logo\/image\/","url":"https:\/\/kiddymusics.egluu.com\/wp-content\/uploads\/2019\/12\/cropped-KM-logo-235.png","contentUrl":"https:\/\/kiddymusics.egluu.com\/wp-content\/uploads\/2019\/12\/cropped-KM-logo-235.png","width":250,"height":250,"caption":"KiddyMusics"},"image":{"@id":"https:\/\/kiddymusics.egluu.com\/ca\/#\/schema\/logo\/image\/"}}]}},"_links":{"self":[{"href":"https:\/\/kiddymusics.egluu.com\/ca\/wp-json\/wp\/v2\/pages\/6985","targetHints":{"allow":["GET"]}}],"collection":[{"href":"https:\/\/kiddymusics.egluu.com\/ca\/wp-json\/wp\/v2\/pages"}],"about":[{"href":"https:\/\/kiddymusics.egluu.com\/ca\/wp-json\/wp\/v2\/types\/page"}],"author":[{"embeddable":true,"href":"https:\/\/kiddymusics.egluu.com\/ca\/wp-json\/wp\/v2\/users\/1"}],"replies":[{"embeddable":true,"href":"https:\/\/kiddymusics.egluu.com\/ca\/wp-json\/wp\/v2\/comments?post=6985"}],"version-history":[{"count":5,"href":"https:\/\/kiddymusics.egluu.com\/ca\/wp-json\/wp\/v2\/pages\/6985\/revisions"}],"predecessor-version":[{"id":7058,"href":"https:\/\/kiddymusics.egluu.com\/ca\/wp-json\/wp\/v2\/pages\/6985\/revisions\/7058"}],"wp:featuredmedia":[{"embeddable":true,"href":"https:\/\/kiddymusics.egluu.com\/ca\/wp-json\/wp\/v2\/media\/1617"}],"wp:attachment":[{"href":"https:\/\/kiddymusics.egluu.com\/ca\/wp-json\/wp\/v2\/media?parent=6985"}],"curies":[{"name":"wp","href":"https:\/\/api.w.org\/{rel}","templated":true}]}}