{"id":65,"date":"2017-12-26T11:34:46","date_gmt":"2017-12-26T11:34:46","guid":{"rendered":"https:\/\/kiddymusics.egluu.com\/?page_id=65"},"modified":"2018-06-21T12:41:55","modified_gmt":"2018-06-21T10:41:55","slug":"botiga","status":"publish","type":"page","link":"https:\/\/kiddymusics.egluu.com\/ca\/botiga\/","title":{"rendered":"Botiga"},"content":{"rendered":"","protected":false},"excerpt":{"rendered":"","protected":false},"author":1,"featured_media":2375,"parent":0,"menu_order":98,"comment_status":"closed","ping_status":"closed","template":"botiga.php","meta":{"_acf_changed":false,"pmpro_default_level":"","footnotes":""},"class_list":["post-65","page","type-page","status-publish","has-post-thumbnail","hentry","pmpro-has-access"],"acf":[],"yoast_head":"<!-- This site is optimized with the Yoast SEO plugin v24.9 - https:\/\/yoast.com\/wordpress\/plugins\/seo\/ -->\n<title>Botiga | KiddyMusics<\/title>\n<meta name=\"robots\" content=\"noindex, follow, max-snippet:-1, max-image-preview:large, max-video-preview:-1\" \/>\n<meta property=\"og:locale\" content=\"ca_ES\" \/>\n<meta property=\"og:type\" content=\"article\" \/>\n<meta property=\"og:title\" content=\"Botiga | KiddyMusics\" \/>\n<meta property=\"og:url\" content=\"https:\/\/kiddymusics.egluu.com\/ca\/botiga\/\" \/>\n<meta property=\"og:site_name\" content=\"KiddyMusics\" \/>\n<meta property=\"article:modified_time\" content=\"2018-06-21T10:41:55+00:00\" \/>\n<meta property=\"og:image\" content=\"https:\/\/kiddymusics.egluu.com\/wp-content\/uploads\/2018\/06\/botiga-2.jpg\" \/>\n\t<meta property=\"og:image:width\" content=\"1024\" \/>\n\t<meta property=\"og:image:height\" content=\"235\" \/>\n\t<meta property=\"og:image:type\" content=\"image\/jpeg\" \/>\n<meta name=\"twitter:card\" content=\"summary_large_image\" \/>\n<script type=\"application\/ld+json\" class=\"yoast-schema-graph\">{\"@context\":\"https:\/\/schema.org\",\"@graph\":[{\"@type\":\"WebPage\",\"@id\":\"https:\/\/kiddymusics.egluu.com\/ca\/botiga\/\",\"url\":\"https:\/\/kiddymusics.egluu.com\/ca\/botiga\/\",\"name\":\"Botiga | KiddyMusics\",\"isPartOf\":{\"@id\":\"https:\/\/kiddymusics.egluu.com\/ca\/#website\"},\"primaryImageOfPage\":{\"@id\":\"https:\/\/kiddymusics.egluu.com\/ca\/botiga\/#primaryimage\"},\"image\":{\"@id\":\"https:\/\/kiddymusics.egluu.com\/ca\/botiga\/#primaryimage\"},\"thumbnailUrl\":\"https:\/\/kiddymusics.egluu.com\/wp-content\/uploads\/2018\/06\/botiga-2.jpg\",\"datePublished\":\"2017-12-26T11:34:46+00:00\",\"dateModified\":\"2018-06-21T10:41:55+00:00\",\"breadcrumb\":{\"@id\":\"https:\/\/kiddymusics.egluu.com\/ca\/botiga\/#breadcrumb\"},\"inLanguage\":\"ca-ES\",\"potentialAction\":[{\"@type\":\"ReadAction\",\"target\":[\"https:\/\/kiddymusics.egluu.com\/ca\/botiga\/\"]}]},{\"@type\":\"ImageObject\",\"inLanguage\":\"ca-ES\",\"@id\":\"https:\/\/kiddymusics.egluu.com\/ca\/botiga\/#primaryimage\",\"url\":\"https:\/\/kiddymusics.egluu.com\/wp-content\/uploads\/2018\/06\/botiga-2.jpg\",\"contentUrl\":\"https:\/\/kiddymusics.egluu.com\/wp-content\/uploads\/2018\/06\/botiga-2.jpg\",\"width\":1024,\"height\":235},{\"@type\":\"BreadcrumbList\",\"@id\":\"https:\/\/kiddymusics.egluu.com\/ca\/botiga\/#breadcrumb\",\"itemListElement\":[{\"@type\":\"ListItem\",\"position\":1,\"name\":\"Home\",\"item\":\"https:\/\/kiddymusics.egluu.com\/ca\/\"},{\"@type\":\"ListItem\",\"position\":2,\"name\":\"Botiga\"}]},{\"@type\":\"WebSite\",\"@id\":\"https:\/\/kiddymusics.egluu.com\/ca\/#website\",\"url\":\"https:\/\/kiddymusics.egluu.com\/ca\/\",\"name\":\"KiddyMusics\",\"description\":\"Plataforma per a l\u2019Educaci\u00f3 i la Difusi\u00f3 de la M\u00fasica\",\"publisher\":{\"@id\":\"https:\/\/kiddymusics.egluu.com\/ca\/#organization\"},\"potentialAction\":[{\"@type\":\"SearchAction\",\"target\":{\"@type\":\"EntryPoint\",\"urlTemplate\":\"https:\/\/kiddymusics.egluu.com\/ca\/?s={search_term_string}\"},\"query-input\":{\"@type\":\"PropertyValueSpecification\",\"valueRequired\":true,\"valueName\":\"search_term_string\"}}],\"inLanguage\":\"ca-ES\"},{\"@type\":\"Organization\",\"@id\":\"https:\/\/kiddymusics.egluu.com\/ca\/#organization\",\"name\":\"KiddyMusics\",\"url\":\"https:\/\/kiddymusics.egluu.com\/ca\/\",\"logo\":{\"@type\":\"ImageObject\",\"inLanguage\":\"ca-ES\",\"@id\":\"https:\/\/kiddymusics.egluu.com\/ca\/#\/schema\/logo\/image\/\",\"url\":\"https:\/\/kiddymusics.egluu.com\/wp-content\/uploads\/2019\/12\/cropped-KM-logo-235.png\",\"contentUrl\":\"https:\/\/kiddymusics.egluu.com\/wp-content\/uploads\/2019\/12\/cropped-KM-logo-235.png\",\"width\":250,\"height\":250,\"caption\":\"KiddyMusics\"},\"image\":{\"@id\":\"https:\/\/kiddymusics.egluu.com\/ca\/#\/schema\/logo\/image\/\"}}]}<\/script>\n<!-- \/ Yoast SEO plugin. -->","yoast_head_json":{"title":"Botiga | KiddyMusics","robots":{"index":"noindex","follow":"follow","max-snippet":"max-snippet:-1","max-image-preview":"max-image-preview:large","max-video-preview":"max-video-preview:-1"},"og_locale":"ca_ES","og_type":"article","og_title":"Botiga | KiddyMusics","og_url":"https:\/\/kiddymusics.egluu.com\/ca\/botiga\/","og_site_name":"KiddyMusics","article_modified_time":"2018-06-21T10:41:55+00:00","og_image":[{"width":1024,"height":235,"url":"https:\/\/kiddymusics.egluu.com\/wp-content\/uploads\/2018\/06\/botiga-2.jpg","type":"image\/jpeg"}],"twitter_card":"summary_large_image","schema":{"@context":"https:\/\/schema.org","@graph":[{"@type":"WebPage","@id":"https:\/\/kiddymusics.egluu.com\/ca\/botiga\/","url":"https:\/\/kiddymusics.egluu.com\/ca\/botiga\/","name":"Botiga | KiddyMusics","isPartOf":{"@id":"https:\/\/kiddymusics.egluu.com\/ca\/#website"},"primaryImageOfPage":{"@id":"https:\/\/kiddymusics.egluu.com\/ca\/botiga\/#primaryimage"},"image":{"@id":"https:\/\/kiddymusics.egluu.com\/ca\/botiga\/#primaryimage"},"thumbnailUrl":"https:\/\/kiddymusics.egluu.com\/wp-content\/uploads\/2018\/06\/botiga-2.jpg","datePublished":"2017-12-26T11:34:46+00:00","dateModified":"2018-06-21T10:41:55+00:00","breadcrumb":{"@id":"https:\/\/kiddymusics.egluu.com\/ca\/botiga\/#breadcrumb"},"inLanguage":"ca-ES","potentialAction":[{"@type":"ReadAction","target":["https:\/\/kiddymusics.egluu.com\/ca\/botiga\/"]}]},{"@type":"ImageObject","inLanguage":"ca-ES","@id":"https:\/\/kiddymusics.egluu.com\/ca\/botiga\/#primaryimage","url":"https:\/\/kiddymusics.egluu.com\/wp-content\/uploads\/2018\/06\/botiga-2.jpg","contentUrl":"https:\/\/kiddymusics.egluu.com\/wp-content\/uploads\/2018\/06\/botiga-2.jpg","width":1024,"height":235},{"@type":"BreadcrumbList","@id":"https:\/\/kiddymusics.egluu.com\/ca\/botiga\/#breadcrumb","itemListElement":[{"@type":"ListItem","position":1,"name":"Home","item":"https:\/\/kiddymusics.egluu.com\/ca\/"},{"@type":"ListItem","position":2,"name":"Botiga"}]},{"@type":"WebSite","@id":"https:\/\/kiddymusics.egluu.com\/ca\/#website","url":"https:\/\/kiddymusics.egluu.com\/ca\/","name":"KiddyMusics","description":"Plataforma per a l\u2019Educaci\u00f3 i la Difusi\u00f3 de la M\u00fasica","publisher":{"@id":"https:\/\/kiddymusics.egluu.com\/ca\/#organization"},"potentialAction":[{"@type":"SearchAction","target":{"@type":"EntryPoint","urlTemplate":"https:\/\/kiddymusics.egluu.com\/ca\/?s={search_term_string}"},"query-input":{"@type":"PropertyValueSpecification","valueRequired":true,"valueName":"search_term_string"}}],"inLanguage":"ca-ES"},{"@type":"Organization","@id":"https:\/\/kiddymusics.egluu.com\/ca\/#organization","name":"KiddyMusics","url":"https:\/\/kiddymusics.egluu.com\/ca\/","logo":{"@type":"ImageObject","inLanguage":"ca-ES","@id":"https:\/\/kiddymusics.egluu.com\/ca\/#\/schema\/logo\/image\/","url":"https:\/\/kiddymusics.egluu.com\/wp-content\/uploads\/2019\/12\/cropped-KM-logo-235.png","contentUrl":"https:\/\/kiddymusics.egluu.com\/wp-content\/uploads\/2019\/12\/cropped-KM-logo-235.png","width":250,"height":250,"caption":"KiddyMusics"},"image":{"@id":"https:\/\/kiddymusics.egluu.com\/ca\/#\/schema\/logo\/image\/"}}]}},"_links":{"self":[{"href":"https:\/\/kiddymusics.egluu.com\/ca\/wp-json\/wp\/v2\/pages\/65","targetHints":{"allow":["GET"]}}],"collection":[{"href":"https:\/\/kiddymusics.egluu.com\/ca\/wp-json\/wp\/v2\/pages"}],"about":[{"href":"https:\/\/kiddymusics.egluu.com\/ca\/wp-json\/wp\/v2\/types\/page"}],"author":[{"embeddable":true,"href":"https:\/\/kiddymusics.egluu.com\/ca\/wp-json\/wp\/v2\/users\/1"}],"replies":[{"embeddable":true,"href":"https:\/\/kiddymusics.egluu.com\/ca\/wp-json\/wp\/v2\/comments?post=65"}],"version-history":[{"count":1,"href":"https:\/\/kiddymusics.egluu.com\/ca\/wp-json\/wp\/v2\/pages\/65\/revisions"}],"predecessor-version":[{"id":66,"href":"https:\/\/kiddymusics.egluu.com\/ca\/wp-json\/wp\/v2\/pages\/65\/revisions\/66"}],"wp:featuredmedia":[{"embeddable":true,"href":"https:\/\/kiddymusics.egluu.com\/ca\/wp-json\/wp\/v2\/media\/2375"}],"wp:attachment":[{"href":"https:\/\/kiddymusics.egluu.com\/ca\/wp-json\/wp\/v2\/media?parent=65"}],"curies":[{"name":"wp","href":"https:\/\/api.w.org\/{rel}","templated":true}]}}