{"id":394,"date":"2018-01-03T13:17:59","date_gmt":"2018-01-03T13:17:59","guid":{"rendered":"https:\/\/kiddymusics.egluu.com\/?page_id=394"},"modified":"2020-02-06T11:25:13","modified_gmt":"2020-02-06T10:25:13","slug":"avisos-legales","status":"publish","type":"page","link":"https:\/\/kiddymusics.egluu.com\/ca\/avisos-legales\/","title":{"rendered":"Av\u00eds legal"},"content":{"rendered":"<h4><\/h4>\n<p>L\u2019espai kiddymusics.egluu.com est\u00e0 editat per:<\/p>\n<p>Montrips, S.L. (en endavant kiddymusics)<br \/>\nCarrer Roger de Flor 291, 08025 Barcelona<br \/>\nCIF B60679073<\/p>\n<p>Inscrita en el registre mercantil de Barcelona Tom 27703 Foli 46, Fulla 121097<\/p>\n<p>Email: hola@kiddymusics.com<\/p>\n<p>L\u2019espai kiddymusics.egluu.com est\u00e0 allotjat a: cdmon.com<\/p>\n<p>Preguem que llegeixin atentament el present av\u00eds legal abans de consultar kiddymusics.egluu.com<\/p>\n<h3>Art\u00edculo 1: Objeto<\/h3>\n<p>El presente aviso tiene por objeto definir las modalidades por las que KiddyMusics pone a disposici\u00f3n de los internautas su sitio Internet kiddymusics.egluu.com y las condiciones en las que \u00e9stos acceden y utilizan este sitio Internet. Toda conexi\u00f3n al sitio kiddymusics.egluu.com est\u00e1 sujeta a lo dispuesto en el presente aviso legal del que KiddyMusics se reserva la potestad de modificar o actualizar en todo momento. El acceso y utilizaci\u00f3n del sitio www.kiddymusics.loc implica su conformidad con el presente aviso legal. Si no est\u00e1 de acuerdo con las cl\u00e1usulas aqu\u00ed enunciadas, le aconsejamos no utilizar este servicio.<\/p>\n<h3>Art\u00edculo 2: Acceso al Servicio<\/h3>\n<p>Es posible acceder al servicio las 24 horas del d\u00eda y los 7 d\u00edas de la semana, salvo en caso de fuerza mayor o de circunstancias que escapen al control de KiddyMusics, y bajo reserva de fallos e intervenciones de mantenimiento necesarios para el buen funcionamiento del servicio y de los materiales. kiddyMusics otorga al internauta, que lo acepta, el derecho a conectar uno o varios ordenadores a su sitio Internet. El acceso al servicio se realiza desde el ordenador personal, u ordenadores, del internauta conectados a una red de telecomunicaciones que permita el acceso al sitio kiddymusics.egluu.com. Los protocolos de comunicaci\u00f3n utilizados son los habituales en Internet. Los derechos de acceso y de utilizaci\u00f3n del sitio Internet de kiddyMusics son no exclusivos e intransferibles.<\/p>\n<h3>Art\u00edculo 3: Derechos de Propiedad Intelectual<\/h3>\n<p>El contenido del sitio kiddymusics.egluu.com (principalmente sus datos, informaciones, ilustraciones, logotipos, marcas, etc.) est\u00e1 protegido por los derechos de autor y dem\u00e1s derechos relativos a la propiedad intelectual. Queda terminantemente prohibida toda copia, reproducci\u00f3n, representaci\u00f3n, adaptaci\u00f3n o difusi\u00f3n, total o parcial, del contenido del sitio de KiddyMusics, sea cual fuere el medio empleado, salvo si se trata de una \u00fanica copia, en un solo ordenador reservada para uso exclusivamente privado del copista. Los elementos presentes en este sitio pueden ser modificados sin previo aviso y se ponen a disposici\u00f3n de los usuarios sin ning\u00fan tipo de garant\u00eda, expresa o t\u00e1cita, no pudiendo dar lugar a ninguna clase de indemnizaci\u00f3n.<\/p>\n<h3>Art\u00edculo 4: Utilizaci\u00f3n de Contenidos<\/h3>\n<p>Ninguno de los contenidos, procedentes del sitio kiddymusics.egluu.com, puede ser copiado, reproducido, publicado, descargado, enviado por correo, transmitido o distribuido de ninguna forma, salvo si se trata simplemente de guardar los documentos en su ordenador personal, para su uso personal y sin fines comerciales. En este caso, debe conservar intactas las menciones de propiedad. La modificaci\u00f3n de estos contenidos, o su utilizaci\u00f3n para otros fines, constituye una infracci\u00f3n de los derechos de propiedad de KiddyMusics. Queda prohibida la utilizaci\u00f3n de estos contenidos en otro sitio Internet o en un entorno inform\u00e1tico en red.<\/p>\n<h3>Art\u00edculo 5: Enlaces de Hipertexto<\/h3>\n<p>5.1 Enlaces de hipertexto hacia el sitio kiddymusics.egluu.com<\/p>\n<p>5.1.1 Enlaces prohibidos Con el fin de respetar la integridad de los contenidos del sitio kiddymusics.egluu.com y evitar crear una confusi\u00f3n entre los internautas en cuanto a la procedencia de dichos contenidos, quedan prohibidos:<\/p>\n<p>Los enlaces profundos que permitan reenviar al internauta a una p\u00e1gina interna del sitio kiddymusics.egluu.com sin pasar por la p\u00e1gina de inicio del sitio o por las secciones del sitio.<br \/>\nLos enlaces de inserci\u00f3n autom\u00e1tica (inline linking) que permitan al internauta ver autom\u00e1ticamente los contenidos provenientes del sitio kiddymusics.egluu.com en un lugar espec\u00edfico.<br \/>\nLos enlaces de encuadre (framing) que permitan la aparici\u00f3n de una p\u00e1gina del sitio kiddymusics.egluu.com en un cuadro dentro de la p\u00e1gina del sitio visitada por el internauta.<\/p>\n<p><strong>5.1.2 Enlaces autorizadosSe autorizan:<\/strong><br \/>\nLos enlaces simples hacia la p\u00e1gina de inicio del sitio kiddymusics.egluu.com<br \/>\nLos enlaces simples hacia la p\u00e1gina de inicio de las distintas secciones del sitio kiddymusics.egluu.com<br \/>\nEn cualquier caso, quedan prohibidos los enlaces provenientes de sitios que atentan contra las buenas costumbres, de car\u00e1cter violento, pornogr\u00e1fico o ped\u00f3filo, susceptibles de atentar contra la dignidad del ser humano, o destinados a exhibir o vender objetos, sustancias y\/o publicaciones prohibidas o ilegales\u2026<\/p>\n<p>La existencia de un enlace de hipertexto hacia el sitio de KiddyMusics proveniente de un tercero no implica, en ning\u00fan caso, una cooperaci\u00f3n entre KiddyMusics y ese tercero. KiddyMusics no ejerce ning\u00fan control sobre los sitios de terceros y no asume, en consecuencia, ninguna responsabilidad en cuanto a los contenidos, productos, servicios, informaci\u00f3n, materiales y programas de los sitios que incluyen un enlace de hipertexto hacia el sitio kiddymusics.egluu.com.<\/p>\n<p><strong>5.2 Enlaces de hipertexto hacia terceros<\/strong><br \/>\nEl sitio kiddymusics.egluu.com puede contener enlaces hacia los sitios de los socios de KiddyMusics o hacia sitios de terceros. KiddyMusics no ejerce ning\u00fan control sobre estos sitios y no asume, en consecuencia, ninguna responsabilidad en cuanto a la disponibilidad de estos sitios, su contenido, publicidad, ni los productos y\/o servicios disponibles en o desde estos sitios. KiddyMusics no ser\u00e1 responsable en ning\u00fan caso de los da\u00f1os, directos o indirectos, que puedan derivarse del acceso del internauta al sitio del socio y\/o de esos terceros, ni de la utilizaci\u00f3n de los contenidos y servicios de estos sitios por parte del internauta.<\/p>\n<h3>Art\u00edculo 6: Correo Electr\u00f3nico<\/h3>\n<p>Para comunicarse con KiddyMusics por correo electr\u00f3nico, los internautas deben cumplimentar los formularios de correspondencia electr\u00f3nica que aparecen en el sitio kiddymusics.egluu.com. Las respuestas formuladas por KiddyMusics a los mensajes de correo electr\u00f3nico no podr\u00e1n ser asimiladas, ni podr\u00e1n constituir la prueba del ejercicio de una actividad publicitaria, promocional o comercial en el territorio del pa\u00eds de destino de las respuestas.<\/p>\n<h3>Art\u00edculo 7: L\u00edmite de la Resonsabilidad<\/h3>\n<p>Los datos e informaciones difundidos en kiddymusics.egluu.com se publican \u201ctal cual\u201d sin ning\u00fan tipo de garant\u00eda, expresa o t\u00e1cita. KiddyMusics se reserva el derecho de modificar, o corregir, el contenido de su sitio en todo momento sin previo aviso. KiddyMusics no podr\u00e1 ser considerado responsable en caso de contaminaci\u00f3n de los materiales inform\u00e1ticos de los internautas resultante de la propagaci\u00f3n de un virus y dem\u00e1s infecciones inform\u00e1ticas. Es responsabilidad del usuario de este sitio tomar todas las medidas oportunas para proteger sus datos y\/o programas de la contaminaci\u00f3n por eventuales virus que pudieran circular por Internet. En ning\u00fan caso, ni KiddyMusics , ni sus empleados, proveedores, ni terceros mencionados en el sitio, podr\u00e1n ser considerados responsables, a trav\u00e9s de una acci\u00f3n por responsabilidad contractual, responsabilidad delictiva, o por cualquier otra acci\u00f3n, contra cualquier da\u00f1o directo, indirecto, accesorio, o de cualquier otra naturaleza, o contra cualquier perjuicio, especialmente de car\u00e1cter financiero o comercial, resultante de la utilizaci\u00f3n de su sitio, o de cualquier informaci\u00f3n obtenida en el mismo.<\/p>\n<h3>Art\u00edculo 8: Competencia Jurisdiccional y Ley de Aplicaci\u00f3n<\/h3>\n<p>Toda reclamaci\u00f3n, actual o futura, relacionada con el presente aviso legal, se llevar\u00e1 ante los tribunales de Girona, rigi\u00e9ndose y analiz\u00e1ndose seg\u00fan las leyes espa\u00f1olas, con independencia de las normas de conflicto entre leyes. La utilizaci\u00f3n del sitio kiddymusics.egluu.com implica su aceptaci\u00f3n expresa en cuanto a la aplicaci\u00f3n de la presente cl\u00e1usula jurisdiccional. En caso de que alguna de las disposiciones de este aviso legal fuese juzgada ilegal, nula o inaplicable por cualquier motivo, se considerar\u00eda que dicha disposici\u00f3n no forma parte del presente aviso legal y no afectar\u00eda a la validez, ni a la aplicaci\u00f3n de las dem\u00e1s disposiciones contenidas en el mismo.<\/p>\n","protected":false},"excerpt":{"rendered":"<p>L\u2019espai kiddymusics.egluu.com est\u00e0 editat per: Montrips, S.L. (en endavant kiddymusics) Carrer Roger de Flor 291, 08025 Barcelona CIF B60679073 Inscrita en el registre mercantil de Barcelona Tom 27703 Foli 46, Fulla 121097 Email: hola@kiddymusics.com L\u2019espai kiddymusics.egluu.com est\u00e0 allotjat a: cdmon.com Preguem que llegeixin atentament el present av\u00eds legal abans de consultar kiddymusics.egluu.com Art\u00edculo 1: Objeto &hellip; <\/p>\n<p class=\"link-more\"><a href=\"https:\/\/kiddymusics.egluu.com\/ca\/avisos-legales\/\" class=\"more-link\">Continue reading<span class=\"screen-reader-text\"> &#8220;Av\u00eds legal&#8221;<\/span><\/a><\/p>\n","protected":false},"author":1,"featured_media":0,"parent":0,"menu_order":116,"comment_status":"closed","ping_status":"closed","template":"","meta":{"_acf_changed":false,"pmpro_default_level":"","footnotes":""},"class_list":["post-394","page","type-page","status-publish","hentry","pmpro-has-access"],"acf":[],"yoast_head":"<!-- This site is optimized with the Yoast SEO plugin v24.9 - https:\/\/yoast.com\/wordpress\/plugins\/seo\/ -->\n<title>Av\u00eds legal | KiddyMusics<\/title>\n<meta name=\"robots\" content=\"noindex, follow, max-snippet:-1, max-image-preview:large, max-video-preview:-1\" \/>\n<meta property=\"og:locale\" content=\"ca_ES\" \/>\n<meta property=\"og:type\" content=\"article\" \/>\n<meta property=\"og:title\" content=\"Av\u00eds legal | KiddyMusics\" \/>\n<meta property=\"og:description\" content=\"L\u2019espai kiddymusics.egluu.com est\u00e0 editat per: Montrips, S.L. (en endavant kiddymusics) Carrer Roger de Flor 291, 08025 Barcelona CIF B60679073 Inscrita en el registre mercantil de Barcelona Tom 27703 Foli 46, Fulla 121097 Email: hola@kiddymusics.com L\u2019espai kiddymusics.egluu.com est\u00e0 allotjat a: cdmon.com Preguem que llegeixin atentament el present av\u00eds legal abans de consultar kiddymusics.egluu.com Art\u00edculo 1: Objeto &hellip; Continue reading &quot;Av\u00eds legal&quot;\" \/>\n<meta property=\"og:url\" content=\"https:\/\/kiddymusics.egluu.com\/ca\/avisos-legales\/\" \/>\n<meta property=\"og:site_name\" content=\"KiddyMusics\" \/>\n<meta property=\"article:modified_time\" content=\"2020-02-06T10:25:13+00:00\" \/>\n<meta name=\"twitter:card\" content=\"summary_large_image\" \/>\n<meta name=\"twitter:label1\" content=\"Est. reading time\" \/>\n\t<meta name=\"twitter:data1\" content=\"7 minutes\" \/>\n<script type=\"application\/ld+json\" class=\"yoast-schema-graph\">{\"@context\":\"https:\/\/schema.org\",\"@graph\":[{\"@type\":\"WebPage\",\"@id\":\"https:\/\/kiddymusics.egluu.com\/ca\/avisos-legales\/\",\"url\":\"https:\/\/kiddymusics.egluu.com\/ca\/avisos-legales\/\",\"name\":\"Av\u00eds legal | KiddyMusics\",\"isPartOf\":{\"@id\":\"https:\/\/kiddymusics.egluu.com\/ca\/#website\"},\"datePublished\":\"2018-01-03T13:17:59+00:00\",\"dateModified\":\"2020-02-06T10:25:13+00:00\",\"breadcrumb\":{\"@id\":\"https:\/\/kiddymusics.egluu.com\/ca\/avisos-legales\/#breadcrumb\"},\"inLanguage\":\"ca-ES\",\"potentialAction\":[{\"@type\":\"ReadAction\",\"target\":[\"https:\/\/kiddymusics.egluu.com\/ca\/avisos-legales\/\"]}]},{\"@type\":\"BreadcrumbList\",\"@id\":\"https:\/\/kiddymusics.egluu.com\/ca\/avisos-legales\/#breadcrumb\",\"itemListElement\":[{\"@type\":\"ListItem\",\"position\":1,\"name\":\"Home\",\"item\":\"https:\/\/kiddymusics.egluu.com\/ca\/\"},{\"@type\":\"ListItem\",\"position\":2,\"name\":\"Av\u00eds legal\"}]},{\"@type\":\"WebSite\",\"@id\":\"https:\/\/kiddymusics.egluu.com\/ca\/#website\",\"url\":\"https:\/\/kiddymusics.egluu.com\/ca\/\",\"name\":\"KiddyMusics\",\"description\":\"Plataforma per a l\u2019Educaci\u00f3 i la Difusi\u00f3 de la M\u00fasica\",\"publisher\":{\"@id\":\"https:\/\/kiddymusics.egluu.com\/ca\/#organization\"},\"potentialAction\":[{\"@type\":\"SearchAction\",\"target\":{\"@type\":\"EntryPoint\",\"urlTemplate\":\"https:\/\/kiddymusics.egluu.com\/ca\/?s={search_term_string}\"},\"query-input\":{\"@type\":\"PropertyValueSpecification\",\"valueRequired\":true,\"valueName\":\"search_term_string\"}}],\"inLanguage\":\"ca-ES\"},{\"@type\":\"Organization\",\"@id\":\"https:\/\/kiddymusics.egluu.com\/ca\/#organization\",\"name\":\"KiddyMusics\",\"url\":\"https:\/\/kiddymusics.egluu.com\/ca\/\",\"logo\":{\"@type\":\"ImageObject\",\"inLanguage\":\"ca-ES\",\"@id\":\"https:\/\/kiddymusics.egluu.com\/ca\/#\/schema\/logo\/image\/\",\"url\":\"https:\/\/kiddymusics.egluu.com\/wp-content\/uploads\/2019\/12\/cropped-KM-logo-235.png\",\"contentUrl\":\"https:\/\/kiddymusics.egluu.com\/wp-content\/uploads\/2019\/12\/cropped-KM-logo-235.png\",\"width\":250,\"height\":250,\"caption\":\"KiddyMusics\"},\"image\":{\"@id\":\"https:\/\/kiddymusics.egluu.com\/ca\/#\/schema\/logo\/image\/\"}}]}<\/script>\n<!-- \/ Yoast SEO plugin. -->","yoast_head_json":{"title":"Av\u00eds legal | KiddyMusics","robots":{"index":"noindex","follow":"follow","max-snippet":"max-snippet:-1","max-image-preview":"max-image-preview:large","max-video-preview":"max-video-preview:-1"},"og_locale":"ca_ES","og_type":"article","og_title":"Av\u00eds legal | KiddyMusics","og_description":"L\u2019espai kiddymusics.egluu.com est\u00e0 editat per: Montrips, S.L. (en endavant kiddymusics) Carrer Roger de Flor 291, 08025 Barcelona CIF B60679073 Inscrita en el registre mercantil de Barcelona Tom 27703 Foli 46, Fulla 121097 Email: hola@kiddymusics.com L\u2019espai kiddymusics.egluu.com est\u00e0 allotjat a: cdmon.com Preguem que llegeixin atentament el present av\u00eds legal abans de consultar kiddymusics.egluu.com Art\u00edculo 1: Objeto &hellip; Continue reading \"Av\u00eds legal\"","og_url":"https:\/\/kiddymusics.egluu.com\/ca\/avisos-legales\/","og_site_name":"KiddyMusics","article_modified_time":"2020-02-06T10:25:13+00:00","twitter_card":"summary_large_image","twitter_misc":{"Est. reading time":"7 minutes"},"schema":{"@context":"https:\/\/schema.org","@graph":[{"@type":"WebPage","@id":"https:\/\/kiddymusics.egluu.com\/ca\/avisos-legales\/","url":"https:\/\/kiddymusics.egluu.com\/ca\/avisos-legales\/","name":"Av\u00eds legal | KiddyMusics","isPartOf":{"@id":"https:\/\/kiddymusics.egluu.com\/ca\/#website"},"datePublished":"2018-01-03T13:17:59+00:00","dateModified":"2020-02-06T10:25:13+00:00","breadcrumb":{"@id":"https:\/\/kiddymusics.egluu.com\/ca\/avisos-legales\/#breadcrumb"},"inLanguage":"ca-ES","potentialAction":[{"@type":"ReadAction","target":["https:\/\/kiddymusics.egluu.com\/ca\/avisos-legales\/"]}]},{"@type":"BreadcrumbList","@id":"https:\/\/kiddymusics.egluu.com\/ca\/avisos-legales\/#breadcrumb","itemListElement":[{"@type":"ListItem","position":1,"name":"Home","item":"https:\/\/kiddymusics.egluu.com\/ca\/"},{"@type":"ListItem","position":2,"name":"Av\u00eds legal"}]},{"@type":"WebSite","@id":"https:\/\/kiddymusics.egluu.com\/ca\/#website","url":"https:\/\/kiddymusics.egluu.com\/ca\/","name":"KiddyMusics","description":"Plataforma per a l\u2019Educaci\u00f3 i la Difusi\u00f3 de la M\u00fasica","publisher":{"@id":"https:\/\/kiddymusics.egluu.com\/ca\/#organization"},"potentialAction":[{"@type":"SearchAction","target":{"@type":"EntryPoint","urlTemplate":"https:\/\/kiddymusics.egluu.com\/ca\/?s={search_term_string}"},"query-input":{"@type":"PropertyValueSpecification","valueRequired":true,"valueName":"search_term_string"}}],"inLanguage":"ca-ES"},{"@type":"Organization","@id":"https:\/\/kiddymusics.egluu.com\/ca\/#organization","name":"KiddyMusics","url":"https:\/\/kiddymusics.egluu.com\/ca\/","logo":{"@type":"ImageObject","inLanguage":"ca-ES","@id":"https:\/\/kiddymusics.egluu.com\/ca\/#\/schema\/logo\/image\/","url":"https:\/\/kiddymusics.egluu.com\/wp-content\/uploads\/2019\/12\/cropped-KM-logo-235.png","contentUrl":"https:\/\/kiddymusics.egluu.com\/wp-content\/uploads\/2019\/12\/cropped-KM-logo-235.png","width":250,"height":250,"caption":"KiddyMusics"},"image":{"@id":"https:\/\/kiddymusics.egluu.com\/ca\/#\/schema\/logo\/image\/"}}]}},"_links":{"self":[{"href":"https:\/\/kiddymusics.egluu.com\/ca\/wp-json\/wp\/v2\/pages\/394","targetHints":{"allow":["GET"]}}],"collection":[{"href":"https:\/\/kiddymusics.egluu.com\/ca\/wp-json\/wp\/v2\/pages"}],"about":[{"href":"https:\/\/kiddymusics.egluu.com\/ca\/wp-json\/wp\/v2\/types\/page"}],"author":[{"embeddable":true,"href":"https:\/\/kiddymusics.egluu.com\/ca\/wp-json\/wp\/v2\/users\/1"}],"replies":[{"embeddable":true,"href":"https:\/\/kiddymusics.egluu.com\/ca\/wp-json\/wp\/v2\/comments?post=394"}],"version-history":[{"count":13,"href":"https:\/\/kiddymusics.egluu.com\/ca\/wp-json\/wp\/v2\/pages\/394\/revisions"}],"predecessor-version":[{"id":3519,"href":"https:\/\/kiddymusics.egluu.com\/ca\/wp-json\/wp\/v2\/pages\/394\/revisions\/3519"}],"wp:attachment":[{"href":"https:\/\/kiddymusics.egluu.com\/ca\/wp-json\/wp\/v2\/media?parent=394"}],"curies":[{"name":"wp","href":"https:\/\/api.w.org\/{rel}","templated":true}]}}