{"id":3881,"date":"2020-11-02T11:00:04","date_gmt":"2020-11-02T10:00:04","guid":{"rendered":"https:\/\/kiddymusics.egluu.com\/musica-infants-2\/"},"modified":"2021-05-18T12:00:26","modified_gmt":"2021-05-18T10:00:26","slug":"musica-infants-2","status":"publish","type":"page","link":"https:\/\/kiddymusics.egluu.com\/ca\/musica-infants-2\/","title":{"rendered":"Infants (de 12 a 36 mesos)"},"content":{"rendered":"<h2>Classes de KiddyMusics Infants<\/h2>\n<h3>L\u2019oferta de cursos per infants que disposem als centres KiddyMusics \u00e9s:<\/h3>\n<ul>\n<li>\n<h4><strong>KiddyMusics Infants 1 (12-24 mesos)<\/strong><\/h4>\n<p>A m\u00e9s d\u2019incidir en totes les activitats del programa per a nadons, es van afegint noves activitats, amb participaci\u00f3 m\u00e9s activa considerant que ja comencen a caminar, amb noves activitat de falda i dansa, moixaines o manipulaci\u00f3 d\u2019instruments de petita percussi\u00f3.<\/li>\n<li>\n<h4>Per a qui?<\/h4>\n<p>Fam\u00edlies amb nens o nenes dels 12 als 24 mesos d\u2019edat.<\/li>\n<li>\n<h4>Com?<\/h4>\n<p>En sessions de 45 minuts setmanals.<\/li>\n<li>\n<h4>A on?<\/h4>\n<p>Clica&nbsp;<a href=\"https:\/\/kiddymusics.egluu.com\/ca\/centres-kiddy-music\/\">aqu\u00ed&nbsp;<\/a>per veure els centres KiddyMusics.<\/p>\n<hr>\n<\/li>\n<li>\n<h4><strong>KiddyMusics Infants 2 (25-36 mesos)<\/strong><\/h4>\n<p>Seguint amb el programa anterior i donat que ja comencen a expressar-se amb la parla, introduirem noves can\u00e7ons, audicions actives, imaginaci\u00f3 i moviment, reconeixement d\u2019instruments i\/ o relaxaci\u00f3.<\/li>\n<li>\n<h4>Per a qui?<\/h4>\n<p>Fam\u00edlies amb nens o nenes dels 25 als 36 mesos d\u2019edat (amb pares o sense)..<\/li>\n<li>\n<h4>Com?<\/h4>\n<p>En sessions de 45 minuts setmanals.<\/li>\n<li>\n<h4>A on?<\/h4>\n<p>Clica&nbsp;<a href=\"https:\/\/kiddymusics.egluu.com\/ca\/centres-kiddy-music\/\">aqu\u00ed&nbsp;<\/a>per veure els centres KiddyMusics.<\/li>\n<\/ul>\n<h2>En qu\u00e8 consisteix el programa?<\/h2>\n<p>Iniciaci\u00f3 a la t\u00e8cnica vocal adequada a cada edat. Faran exercicis de respiraci\u00f3, tonificaci\u00f3 i projecci\u00f3 de la veu adequada a cada edat i a trav\u00e9s de can\u00e7ons que els ajudaran a entendre.<\/p>\n<p>Treballaran ritmes i afinaci\u00f3 a trav\u00e9s de can\u00e7ons grupals i diversos exercicis relacionats amb la m\u00fasica.<\/p>\n<p>Treballaran la interpretaci\u00f3 a trav\u00e9s de la desinhibici\u00f3 corporal, la improvisaci\u00f3 i l\u2019aplicaci\u00f3 a personatges i escenes de teatre musical.<\/p>\n<p>Iniciarem als alumnes a la dansa a trav\u00e9s de diferents estils a nivell b\u00e0sic per recolzar el treball interpretatiu i vocal.<\/p>\n","protected":false},"excerpt":{"rendered":"<p>Aprenent a caminar i a parlar a trav\u00e9s de la m\u00fasica.<\/p>\n","protected":false},"author":1,"featured_media":3884,"parent":0,"menu_order":38,"comment_status":"closed","ping_status":"closed","template":"embarassades.php","meta":{"_acf_changed":false,"pmpro_default_level":"","footnotes":""},"class_list":["post-3881","page","type-page","status-publish","has-post-thumbnail","hentry","pmpro-has-access"],"acf":[],"yoast_head":"<!-- This site is optimized with the Yoast SEO plugin v24.9 - https:\/\/yoast.com\/wordpress\/plugins\/seo\/ -->\n<title>Infants (de 12 a 36 mesos) | KiddyMusics<\/title>\n<meta name=\"robots\" content=\"noindex, follow, max-snippet:-1, max-image-preview:large, max-video-preview:-1\" \/>\n<meta property=\"og:locale\" content=\"ca_ES\" \/>\n<meta property=\"og:type\" content=\"article\" \/>\n<meta property=\"og:title\" content=\"Infants (de 12 a 36 mesos) | KiddyMusics\" \/>\n<meta property=\"og:description\" content=\"Aprenent a caminar i a parlar a trav\u00e9s de la m\u00fasica.\" \/>\n<meta property=\"og:url\" content=\"https:\/\/kiddymusics.egluu.com\/ca\/musica-infants-2\/\" \/>\n<meta property=\"og:site_name\" content=\"KiddyMusics\" \/>\n<meta property=\"article:modified_time\" content=\"2021-05-18T10:00:26+00:00\" \/>\n<meta property=\"og:image\" content=\"https:\/\/kiddymusics.egluu.com\/wp-content\/uploads\/2020\/11\/header_440x1920_infants-1024x235-1.jpg\" \/>\n\t<meta property=\"og:image:width\" content=\"1024\" \/>\n\t<meta property=\"og:image:height\" content=\"235\" \/>\n\t<meta property=\"og:image:type\" content=\"image\/jpeg\" \/>\n<meta name=\"twitter:card\" content=\"summary_large_image\" \/>\n<meta name=\"twitter:label1\" content=\"Est. reading time\" \/>\n\t<meta name=\"twitter:data1\" content=\"2 minutes\" \/>\n<script type=\"application\/ld+json\" class=\"yoast-schema-graph\">{\"@context\":\"https:\/\/schema.org\",\"@graph\":[{\"@type\":\"WebPage\",\"@id\":\"https:\/\/kiddymusics.egluu.com\/ca\/musica-infants-2\/\",\"url\":\"https:\/\/kiddymusics.egluu.com\/ca\/musica-infants-2\/\",\"name\":\"Infants (de 12 a 36 mesos) | KiddyMusics\",\"isPartOf\":{\"@id\":\"https:\/\/kiddymusics.egluu.com\/ca\/#website\"},\"primaryImageOfPage\":{\"@id\":\"https:\/\/kiddymusics.egluu.com\/ca\/musica-infants-2\/#primaryimage\"},\"image\":{\"@id\":\"https:\/\/kiddymusics.egluu.com\/ca\/musica-infants-2\/#primaryimage\"},\"thumbnailUrl\":\"https:\/\/kiddymusics.egluu.com\/wp-content\/uploads\/2020\/11\/header_440x1920_infants-1024x235-1.jpg\",\"datePublished\":\"2020-11-02T10:00:04+00:00\",\"dateModified\":\"2021-05-18T10:00:26+00:00\",\"breadcrumb\":{\"@id\":\"https:\/\/kiddymusics.egluu.com\/ca\/musica-infants-2\/#breadcrumb\"},\"inLanguage\":\"ca-ES\",\"potentialAction\":[{\"@type\":\"ReadAction\",\"target\":[\"https:\/\/kiddymusics.egluu.com\/ca\/musica-infants-2\/\"]}]},{\"@type\":\"ImageObject\",\"inLanguage\":\"ca-ES\",\"@id\":\"https:\/\/kiddymusics.egluu.com\/ca\/musica-infants-2\/#primaryimage\",\"url\":\"https:\/\/kiddymusics.egluu.com\/wp-content\/uploads\/2020\/11\/header_440x1920_infants-1024x235-1.jpg\",\"contentUrl\":\"https:\/\/kiddymusics.egluu.com\/wp-content\/uploads\/2020\/11\/header_440x1920_infants-1024x235-1.jpg\",\"width\":1024,\"height\":235},{\"@type\":\"BreadcrumbList\",\"@id\":\"https:\/\/kiddymusics.egluu.com\/ca\/musica-infants-2\/#breadcrumb\",\"itemListElement\":[{\"@type\":\"ListItem\",\"position\":1,\"name\":\"Home\",\"item\":\"https:\/\/kiddymusics.egluu.com\/ca\/\"},{\"@type\":\"ListItem\",\"position\":2,\"name\":\"Infants (de 12 a 36 mesos)\"}]},{\"@type\":\"WebSite\",\"@id\":\"https:\/\/kiddymusics.egluu.com\/ca\/#website\",\"url\":\"https:\/\/kiddymusics.egluu.com\/ca\/\",\"name\":\"KiddyMusics\",\"description\":\"Plataforma per a l\u2019Educaci\u00f3 i la Difusi\u00f3 de la M\u00fasica\",\"publisher\":{\"@id\":\"https:\/\/kiddymusics.egluu.com\/ca\/#organization\"},\"potentialAction\":[{\"@type\":\"SearchAction\",\"target\":{\"@type\":\"EntryPoint\",\"urlTemplate\":\"https:\/\/kiddymusics.egluu.com\/ca\/?s={search_term_string}\"},\"query-input\":{\"@type\":\"PropertyValueSpecification\",\"valueRequired\":true,\"valueName\":\"search_term_string\"}}],\"inLanguage\":\"ca-ES\"},{\"@type\":\"Organization\",\"@id\":\"https:\/\/kiddymusics.egluu.com\/ca\/#organization\",\"name\":\"KiddyMusics\",\"url\":\"https:\/\/kiddymusics.egluu.com\/ca\/\",\"logo\":{\"@type\":\"ImageObject\",\"inLanguage\":\"ca-ES\",\"@id\":\"https:\/\/kiddymusics.egluu.com\/ca\/#\/schema\/logo\/image\/\",\"url\":\"https:\/\/kiddymusics.egluu.com\/wp-content\/uploads\/2019\/12\/cropped-KM-logo-235.png\",\"contentUrl\":\"https:\/\/kiddymusics.egluu.com\/wp-content\/uploads\/2019\/12\/cropped-KM-logo-235.png\",\"width\":250,\"height\":250,\"caption\":\"KiddyMusics\"},\"image\":{\"@id\":\"https:\/\/kiddymusics.egluu.com\/ca\/#\/schema\/logo\/image\/\"}}]}<\/script>\n<!-- \/ Yoast SEO plugin. -->","yoast_head_json":{"title":"Infants (de 12 a 36 mesos) | KiddyMusics","robots":{"index":"noindex","follow":"follow","max-snippet":"max-snippet:-1","max-image-preview":"max-image-preview:large","max-video-preview":"max-video-preview:-1"},"og_locale":"ca_ES","og_type":"article","og_title":"Infants (de 12 a 36 mesos) | KiddyMusics","og_description":"Aprenent a caminar i a parlar a trav\u00e9s de la m\u00fasica.","og_url":"https:\/\/kiddymusics.egluu.com\/ca\/musica-infants-2\/","og_site_name":"KiddyMusics","article_modified_time":"2021-05-18T10:00:26+00:00","og_image":[{"width":1024,"height":235,"url":"https:\/\/kiddymusics.egluu.com\/wp-content\/uploads\/2020\/11\/header_440x1920_infants-1024x235-1.jpg","type":"image\/jpeg"}],"twitter_card":"summary_large_image","twitter_misc":{"Est. reading time":"2 minutes"},"schema":{"@context":"https:\/\/schema.org","@graph":[{"@type":"WebPage","@id":"https:\/\/kiddymusics.egluu.com\/ca\/musica-infants-2\/","url":"https:\/\/kiddymusics.egluu.com\/ca\/musica-infants-2\/","name":"Infants (de 12 a 36 mesos) | KiddyMusics","isPartOf":{"@id":"https:\/\/kiddymusics.egluu.com\/ca\/#website"},"primaryImageOfPage":{"@id":"https:\/\/kiddymusics.egluu.com\/ca\/musica-infants-2\/#primaryimage"},"image":{"@id":"https:\/\/kiddymusics.egluu.com\/ca\/musica-infants-2\/#primaryimage"},"thumbnailUrl":"https:\/\/kiddymusics.egluu.com\/wp-content\/uploads\/2020\/11\/header_440x1920_infants-1024x235-1.jpg","datePublished":"2020-11-02T10:00:04+00:00","dateModified":"2021-05-18T10:00:26+00:00","breadcrumb":{"@id":"https:\/\/kiddymusics.egluu.com\/ca\/musica-infants-2\/#breadcrumb"},"inLanguage":"ca-ES","potentialAction":[{"@type":"ReadAction","target":["https:\/\/kiddymusics.egluu.com\/ca\/musica-infants-2\/"]}]},{"@type":"ImageObject","inLanguage":"ca-ES","@id":"https:\/\/kiddymusics.egluu.com\/ca\/musica-infants-2\/#primaryimage","url":"https:\/\/kiddymusics.egluu.com\/wp-content\/uploads\/2020\/11\/header_440x1920_infants-1024x235-1.jpg","contentUrl":"https:\/\/kiddymusics.egluu.com\/wp-content\/uploads\/2020\/11\/header_440x1920_infants-1024x235-1.jpg","width":1024,"height":235},{"@type":"BreadcrumbList","@id":"https:\/\/kiddymusics.egluu.com\/ca\/musica-infants-2\/#breadcrumb","itemListElement":[{"@type":"ListItem","position":1,"name":"Home","item":"https:\/\/kiddymusics.egluu.com\/ca\/"},{"@type":"ListItem","position":2,"name":"Infants (de 12 a 36 mesos)"}]},{"@type":"WebSite","@id":"https:\/\/kiddymusics.egluu.com\/ca\/#website","url":"https:\/\/kiddymusics.egluu.com\/ca\/","name":"KiddyMusics","description":"Plataforma per a l\u2019Educaci\u00f3 i la Difusi\u00f3 de la M\u00fasica","publisher":{"@id":"https:\/\/kiddymusics.egluu.com\/ca\/#organization"},"potentialAction":[{"@type":"SearchAction","target":{"@type":"EntryPoint","urlTemplate":"https:\/\/kiddymusics.egluu.com\/ca\/?s={search_term_string}"},"query-input":{"@type":"PropertyValueSpecification","valueRequired":true,"valueName":"search_term_string"}}],"inLanguage":"ca-ES"},{"@type":"Organization","@id":"https:\/\/kiddymusics.egluu.com\/ca\/#organization","name":"KiddyMusics","url":"https:\/\/kiddymusics.egluu.com\/ca\/","logo":{"@type":"ImageObject","inLanguage":"ca-ES","@id":"https:\/\/kiddymusics.egluu.com\/ca\/#\/schema\/logo\/image\/","url":"https:\/\/kiddymusics.egluu.com\/wp-content\/uploads\/2019\/12\/cropped-KM-logo-235.png","contentUrl":"https:\/\/kiddymusics.egluu.com\/wp-content\/uploads\/2019\/12\/cropped-KM-logo-235.png","width":250,"height":250,"caption":"KiddyMusics"},"image":{"@id":"https:\/\/kiddymusics.egluu.com\/ca\/#\/schema\/logo\/image\/"}}]}},"_links":{"self":[{"href":"https:\/\/kiddymusics.egluu.com\/ca\/wp-json\/wp\/v2\/pages\/3881","targetHints":{"allow":["GET"]}}],"collection":[{"href":"https:\/\/kiddymusics.egluu.com\/ca\/wp-json\/wp\/v2\/pages"}],"about":[{"href":"https:\/\/kiddymusics.egluu.com\/ca\/wp-json\/wp\/v2\/types\/page"}],"author":[{"embeddable":true,"href":"https:\/\/kiddymusics.egluu.com\/ca\/wp-json\/wp\/v2\/users\/1"}],"replies":[{"embeddable":true,"href":"https:\/\/kiddymusics.egluu.com\/ca\/wp-json\/wp\/v2\/comments?post=3881"}],"version-history":[{"count":2,"href":"https:\/\/kiddymusics.egluu.com\/ca\/wp-json\/wp\/v2\/pages\/3881\/revisions"}],"predecessor-version":[{"id":5508,"href":"https:\/\/kiddymusics.egluu.com\/ca\/wp-json\/wp\/v2\/pages\/3881\/revisions\/5508"}],"wp:featuredmedia":[{"embeddable":true,"href":"https:\/\/kiddymusics.egluu.com\/ca\/wp-json\/wp\/v2\/media\/3884"}],"wp:attachment":[{"href":"https:\/\/kiddymusics.egluu.com\/ca\/wp-json\/wp\/v2\/media?parent=3881"}],"curies":[{"name":"wp","href":"https:\/\/api.w.org\/{rel}","templated":true}]}}