{"id":264,"date":"2018-01-03T07:49:03","date_gmt":"2018-01-03T07:49:03","guid":{"rendered":"https:\/\/kiddymusics.egluu.com\/?page_id=264"},"modified":"2019-12-18T15:00:27","modified_gmt":"2019-12-18T14:00:27","slug":"pla-personalitzat","status":"publish","type":"page","link":"https:\/\/kiddymusics.egluu.com\/ca\/pla-personalitzat\/","title":{"rendered":"Pla Personalitzat"},"content":{"rendered":"<h2>Pla personalitzat<\/h2>\n<h3><strong>En qu\u00e8 consisteix el Pla Personalitzat?<\/strong><\/h3>\n<p>De manera individual, col\u00b7lectiva o en Packs d\u2019hores, el pla personalitzat permet treballar la pr\u00e0ctica de l\u2019instrument, el llenguatge musical, l\u2019harmonia, la improvisaci\u00f3, participar en les grupals instrumentals, actuar en les audicions programades, preparar-se per les proves de nivell dels diferents conservatoris, obtenir titulacions com la del Royal School, Trinity College, tant en m\u00fasica cl\u00e0ssica, jazz o Pop&amp;Rock.<\/p>\n<h3><strong>Com est\u00e0 estructurat el Pla?<\/strong><\/h3>\n<p>Estructurat segons necessitats particulars dels alumnes interessats:<\/p>\n<ul>\n<li>\n<h4>Individuals<\/h4>\n<p>Pensat per als interessats en seguir una formaci\u00f3 musical tant a nivell d\u2019iniciaci\u00f3 com de perfeccionament en un marc personalitzat tant per la seva disponibilitat hor\u00e0ria com per la seva necessitat espec\u00edfica de forma individuals. El programa proposat ser\u00e0 espec\u00edfic per als interessats en funci\u00f3 dels objectius desitjats. S\u2019ofereix la possibilitat, a m\u00e9s, d\u2019incorporar-se a les formacions instrumentals segons el nivell i ha poder escollir les optatives que es desitgin.<\/p>\n<p><strong>Per a qui?<\/strong>&nbsp;Persones de qualsevol edat.<\/li>\n<li>\n<h4>Col\u00b7lectives<\/h4>\n<p>Pensat per als interessats en seguir una formaci\u00f3 musical tant a nivell d\u2019iniciaci\u00f3 com de perfeccionament en un marc personalitzat tant per la seva disponibilitat hor\u00e0ria com per la seva necessitat espec\u00edfica en petits grups a partir de 2 alumnes. El programa proposat ser\u00e0 espec\u00edfic per als interessats en funci\u00f3 dels objectius desitjats.<\/p>\n<p><strong>Per a qui?<\/strong>&nbsp;Persones de qualsevol edat.<\/li>\n<\/ul>\n<ul>\n<li>\n<h4>Packs hores<\/h4>\n<p>La particularitat d\u2019aquesta proposta d\u2019hores concertades \u00e9s que les classes es podran cancel\u00b7lar amb un m\u00ednim de 24h d\u2019antelaci\u00f3 no quedant comptabilitzades les mateixes. Els objectius de les classes seran els mateixos que per qualsevol de les modalitats del Pla personalitzat. S\u2019ofereix la possibilitat, a m\u00e9s, d\u2019incorporar-se a les formacions instrumentals segons el nivell i ha poder escollir les optatives que es desitgin.<\/p>\n<p><strong>Per a qui?<\/strong>&nbsp;Persones de qualsevol edat.<\/li>\n<\/ul>\n<h3><strong>Objectius generals<\/strong><\/h3>\n<ul class=\"bullet_list\">\n<li>Treballar els continguts segons el nivell de llenguatge musical<\/li>\n<li>Iniciar-se o perfeccionar la pr\u00e0ctica d\u2019un instrument<\/li>\n<li>Participar en els grups instrumentals<\/li>\n<li>Treballar els continguts segons el nivell de llenguatge musical<\/li>\n<li>Iniciar-se o perfeccionar la pr\u00e0ctica d\u2019un instrument<\/li>\n<li>Participar en els grups instrumentals<\/li>\n<li>Preparar-se per a les proves de nivell de les diferents titulacions proposades.<\/li>\n<li>Actuar en p\u00fablic mostrant el repertori treballat<\/li>\n<li>Participar com a integrants de les diferents disciplines en les activitats programades durant el curs<\/li>\n<li>Participar en tallers complementaris per ampliar la formaci\u00f3 musical ( Tallers, Intercanvis, Concerts pedag\u00f2gics, Auditori Educa, etc\u2026)<\/li>\n<\/ul>\n","protected":false},"excerpt":{"rendered":"<p>Formaci\u00f3 musical a mida<\/p>\n","protected":false},"author":1,"featured_media":1599,"parent":0,"menu_order":48,"comment_status":"closed","ping_status":"closed","template":"embarassades.php","meta":{"_acf_changed":false,"pmpro_default_level":"","footnotes":""},"class_list":["post-264","page","type-page","status-publish","has-post-thumbnail","hentry","pmpro-has-access"],"acf":[],"yoast_head":"<!-- This site is optimized with the Yoast SEO plugin v24.9 - https:\/\/yoast.com\/wordpress\/plugins\/seo\/ -->\n<title>Pla Personalitzat | KiddyMusics<\/title>\n<meta name=\"robots\" content=\"noindex, follow, max-snippet:-1, max-image-preview:large, max-video-preview:-1\" \/>\n<meta property=\"og:locale\" content=\"ca_ES\" \/>\n<meta property=\"og:type\" content=\"article\" \/>\n<meta property=\"og:title\" content=\"Pla Personalitzat | KiddyMusics\" \/>\n<meta property=\"og:description\" content=\"Formaci\u00f3 musical a mida\" \/>\n<meta property=\"og:url\" content=\"https:\/\/kiddymusics.egluu.com\/ca\/pla-personalitzat\/\" \/>\n<meta property=\"og:site_name\" content=\"KiddyMusics\" \/>\n<meta property=\"article:modified_time\" content=\"2019-12-18T14:00:27+00:00\" \/>\n<meta property=\"og:image\" content=\"https:\/\/kiddymusics.egluu.com\/wp-content\/uploads\/2018\/02\/escola_de_musica_programa_kiddymusics.jpg\" \/>\n\t<meta property=\"og:image:width\" content=\"1920\" \/>\n\t<meta property=\"og:image:height\" content=\"440\" \/>\n\t<meta property=\"og:image:type\" content=\"image\/jpeg\" \/>\n<meta name=\"twitter:card\" content=\"summary_large_image\" \/>\n<meta name=\"twitter:label1\" content=\"Est. reading time\" \/>\n\t<meta name=\"twitter:data1\" content=\"2 minutes\" \/>\n<script type=\"application\/ld+json\" class=\"yoast-schema-graph\">{\"@context\":\"https:\/\/schema.org\",\"@graph\":[{\"@type\":\"WebPage\",\"@id\":\"https:\/\/kiddymusics.egluu.com\/ca\/pla-personalitzat\/\",\"url\":\"https:\/\/kiddymusics.egluu.com\/ca\/pla-personalitzat\/\",\"name\":\"Pla Personalitzat | KiddyMusics\",\"isPartOf\":{\"@id\":\"https:\/\/kiddymusics.egluu.com\/ca\/#website\"},\"primaryImageOfPage\":{\"@id\":\"https:\/\/kiddymusics.egluu.com\/ca\/pla-personalitzat\/#primaryimage\"},\"image\":{\"@id\":\"https:\/\/kiddymusics.egluu.com\/ca\/pla-personalitzat\/#primaryimage\"},\"thumbnailUrl\":\"https:\/\/kiddymusics.egluu.com\/wp-content\/uploads\/2018\/02\/escola_de_musica_programa_kiddymusics.jpg\",\"datePublished\":\"2018-01-03T07:49:03+00:00\",\"dateModified\":\"2019-12-18T14:00:27+00:00\",\"breadcrumb\":{\"@id\":\"https:\/\/kiddymusics.egluu.com\/ca\/pla-personalitzat\/#breadcrumb\"},\"inLanguage\":\"ca-ES\",\"potentialAction\":[{\"@type\":\"ReadAction\",\"target\":[\"https:\/\/kiddymusics.egluu.com\/ca\/pla-personalitzat\/\"]}]},{\"@type\":\"ImageObject\",\"inLanguage\":\"ca-ES\",\"@id\":\"https:\/\/kiddymusics.egluu.com\/ca\/pla-personalitzat\/#primaryimage\",\"url\":\"https:\/\/kiddymusics.egluu.com\/wp-content\/uploads\/2018\/02\/escola_de_musica_programa_kiddymusics.jpg\",\"contentUrl\":\"https:\/\/kiddymusics.egluu.com\/wp-content\/uploads\/2018\/02\/escola_de_musica_programa_kiddymusics.jpg\",\"width\":1920,\"height\":440,\"caption\":\"crusos de m\u00fasica personalitzats\"},{\"@type\":\"BreadcrumbList\",\"@id\":\"https:\/\/kiddymusics.egluu.com\/ca\/pla-personalitzat\/#breadcrumb\",\"itemListElement\":[{\"@type\":\"ListItem\",\"position\":1,\"name\":\"Home\",\"item\":\"https:\/\/kiddymusics.egluu.com\/ca\/\"},{\"@type\":\"ListItem\",\"position\":2,\"name\":\"Pla Personalitzat\"}]},{\"@type\":\"WebSite\",\"@id\":\"https:\/\/kiddymusics.egluu.com\/ca\/#website\",\"url\":\"https:\/\/kiddymusics.egluu.com\/ca\/\",\"name\":\"KiddyMusics\",\"description\":\"Plataforma per a l\u2019Educaci\u00f3 i la Difusi\u00f3 de la M\u00fasica\",\"publisher\":{\"@id\":\"https:\/\/kiddymusics.egluu.com\/ca\/#organization\"},\"potentialAction\":[{\"@type\":\"SearchAction\",\"target\":{\"@type\":\"EntryPoint\",\"urlTemplate\":\"https:\/\/kiddymusics.egluu.com\/ca\/?s={search_term_string}\"},\"query-input\":{\"@type\":\"PropertyValueSpecification\",\"valueRequired\":true,\"valueName\":\"search_term_string\"}}],\"inLanguage\":\"ca-ES\"},{\"@type\":\"Organization\",\"@id\":\"https:\/\/kiddymusics.egluu.com\/ca\/#organization\",\"name\":\"KiddyMusics\",\"url\":\"https:\/\/kiddymusics.egluu.com\/ca\/\",\"logo\":{\"@type\":\"ImageObject\",\"inLanguage\":\"ca-ES\",\"@id\":\"https:\/\/kiddymusics.egluu.com\/ca\/#\/schema\/logo\/image\/\",\"url\":\"https:\/\/kiddymusics.egluu.com\/wp-content\/uploads\/2019\/12\/cropped-KM-logo-235.png\",\"contentUrl\":\"https:\/\/kiddymusics.egluu.com\/wp-content\/uploads\/2019\/12\/cropped-KM-logo-235.png\",\"width\":250,\"height\":250,\"caption\":\"KiddyMusics\"},\"image\":{\"@id\":\"https:\/\/kiddymusics.egluu.com\/ca\/#\/schema\/logo\/image\/\"}}]}<\/script>\n<!-- \/ Yoast SEO plugin. -->","yoast_head_json":{"title":"Pla Personalitzat | KiddyMusics","robots":{"index":"noindex","follow":"follow","max-snippet":"max-snippet:-1","max-image-preview":"max-image-preview:large","max-video-preview":"max-video-preview:-1"},"og_locale":"ca_ES","og_type":"article","og_title":"Pla Personalitzat | KiddyMusics","og_description":"Formaci\u00f3 musical a mida","og_url":"https:\/\/kiddymusics.egluu.com\/ca\/pla-personalitzat\/","og_site_name":"KiddyMusics","article_modified_time":"2019-12-18T14:00:27+00:00","og_image":[{"width":1920,"height":440,"url":"https:\/\/kiddymusics.egluu.com\/wp-content\/uploads\/2018\/02\/escola_de_musica_programa_kiddymusics.jpg","type":"image\/jpeg"}],"twitter_card":"summary_large_image","twitter_misc":{"Est. reading time":"2 minutes"},"schema":{"@context":"https:\/\/schema.org","@graph":[{"@type":"WebPage","@id":"https:\/\/kiddymusics.egluu.com\/ca\/pla-personalitzat\/","url":"https:\/\/kiddymusics.egluu.com\/ca\/pla-personalitzat\/","name":"Pla Personalitzat | KiddyMusics","isPartOf":{"@id":"https:\/\/kiddymusics.egluu.com\/ca\/#website"},"primaryImageOfPage":{"@id":"https:\/\/kiddymusics.egluu.com\/ca\/pla-personalitzat\/#primaryimage"},"image":{"@id":"https:\/\/kiddymusics.egluu.com\/ca\/pla-personalitzat\/#primaryimage"},"thumbnailUrl":"https:\/\/kiddymusics.egluu.com\/wp-content\/uploads\/2018\/02\/escola_de_musica_programa_kiddymusics.jpg","datePublished":"2018-01-03T07:49:03+00:00","dateModified":"2019-12-18T14:00:27+00:00","breadcrumb":{"@id":"https:\/\/kiddymusics.egluu.com\/ca\/pla-personalitzat\/#breadcrumb"},"inLanguage":"ca-ES","potentialAction":[{"@type":"ReadAction","target":["https:\/\/kiddymusics.egluu.com\/ca\/pla-personalitzat\/"]}]},{"@type":"ImageObject","inLanguage":"ca-ES","@id":"https:\/\/kiddymusics.egluu.com\/ca\/pla-personalitzat\/#primaryimage","url":"https:\/\/kiddymusics.egluu.com\/wp-content\/uploads\/2018\/02\/escola_de_musica_programa_kiddymusics.jpg","contentUrl":"https:\/\/kiddymusics.egluu.com\/wp-content\/uploads\/2018\/02\/escola_de_musica_programa_kiddymusics.jpg","width":1920,"height":440,"caption":"crusos de m\u00fasica personalitzats"},{"@type":"BreadcrumbList","@id":"https:\/\/kiddymusics.egluu.com\/ca\/pla-personalitzat\/#breadcrumb","itemListElement":[{"@type":"ListItem","position":1,"name":"Home","item":"https:\/\/kiddymusics.egluu.com\/ca\/"},{"@type":"ListItem","position":2,"name":"Pla Personalitzat"}]},{"@type":"WebSite","@id":"https:\/\/kiddymusics.egluu.com\/ca\/#website","url":"https:\/\/kiddymusics.egluu.com\/ca\/","name":"KiddyMusics","description":"Plataforma per a l\u2019Educaci\u00f3 i la Difusi\u00f3 de la M\u00fasica","publisher":{"@id":"https:\/\/kiddymusics.egluu.com\/ca\/#organization"},"potentialAction":[{"@type":"SearchAction","target":{"@type":"EntryPoint","urlTemplate":"https:\/\/kiddymusics.egluu.com\/ca\/?s={search_term_string}"},"query-input":{"@type":"PropertyValueSpecification","valueRequired":true,"valueName":"search_term_string"}}],"inLanguage":"ca-ES"},{"@type":"Organization","@id":"https:\/\/kiddymusics.egluu.com\/ca\/#organization","name":"KiddyMusics","url":"https:\/\/kiddymusics.egluu.com\/ca\/","logo":{"@type":"ImageObject","inLanguage":"ca-ES","@id":"https:\/\/kiddymusics.egluu.com\/ca\/#\/schema\/logo\/image\/","url":"https:\/\/kiddymusics.egluu.com\/wp-content\/uploads\/2019\/12\/cropped-KM-logo-235.png","contentUrl":"https:\/\/kiddymusics.egluu.com\/wp-content\/uploads\/2019\/12\/cropped-KM-logo-235.png","width":250,"height":250,"caption":"KiddyMusics"},"image":{"@id":"https:\/\/kiddymusics.egluu.com\/ca\/#\/schema\/logo\/image\/"}}]}},"_links":{"self":[{"href":"https:\/\/kiddymusics.egluu.com\/ca\/wp-json\/wp\/v2\/pages\/264","targetHints":{"allow":["GET"]}}],"collection":[{"href":"https:\/\/kiddymusics.egluu.com\/ca\/wp-json\/wp\/v2\/pages"}],"about":[{"href":"https:\/\/kiddymusics.egluu.com\/ca\/wp-json\/wp\/v2\/types\/page"}],"author":[{"embeddable":true,"href":"https:\/\/kiddymusics.egluu.com\/ca\/wp-json\/wp\/v2\/users\/1"}],"replies":[{"embeddable":true,"href":"https:\/\/kiddymusics.egluu.com\/ca\/wp-json\/wp\/v2\/comments?post=264"}],"version-history":[{"count":25,"href":"https:\/\/kiddymusics.egluu.com\/ca\/wp-json\/wp\/v2\/pages\/264\/revisions"}],"predecessor-version":[{"id":3378,"href":"https:\/\/kiddymusics.egluu.com\/ca\/wp-json\/wp\/v2\/pages\/264\/revisions\/3378"}],"wp:featuredmedia":[{"embeddable":true,"href":"https:\/\/kiddymusics.egluu.com\/ca\/wp-json\/wp\/v2\/media\/1599"}],"wp:attachment":[{"href":"https:\/\/kiddymusics.egluu.com\/ca\/wp-json\/wp\/v2\/media?parent=264"}],"curies":[{"name":"wp","href":"https:\/\/api.w.org\/{rel}","templated":true}]}}