{"id":254,"date":"2018-01-03T07:06:01","date_gmt":"2018-01-03T07:06:01","guid":{"rendered":"https:\/\/kiddymusics.egluu.com\/embarassades-2\/"},"modified":"2021-05-18T12:02:22","modified_gmt":"2021-05-18T10:02:22","slug":"nens-grans","status":"publish","type":"page","link":"https:\/\/kiddymusics.egluu.com\/ca\/nens-grans\/","title":{"rendered":"Nens grans (de 5 a 7 anys)"},"content":{"rendered":"<h2>Classes de KiddyMusics Nens Grans<\/h2>\n<h3>L\u2019oferta de curs per a nens grans que disposem als centres KiddyMusics \u00e9s:<\/h3>\n<ul>\n<li>\n<h4><strong>KiddyMusics Nens Grans 1 (5-6 anys)<\/strong><\/h4>\n<p>Potenciarem la sensibilitat art\u00edstica i tamb\u00e9 introduirem conceptes m\u00e9s avan\u00e7ats de m\u00fasica. Continuarem treballant els instruments d\u2019Orff i la seva participaci\u00f3 activa en les agrupacions, dictats r\u00edtmics i mel\u00f2dics amb figures de blanca, negra i corxera i ens assegurarem que complim el nostre gran objectiu; que afinin cantant, que s\u00e0piguen portar la pulsaci\u00f3, que s\u00e0piguen llegir ritmes i es moguin amb la pulsaci\u00f3 i el ritme apropiat.<\/li>\n<li>\n<h4>Per a qui?<\/h4>\n<p>Nens o nenes dels 5 als 6 anys.<\/li>\n<li>\n<h4>Com?<\/h4>\n<p>En sessions de 60 minuts setmanals.<\/li>\n<li>\n<h4>A on?<\/h4>\n<p>Clica <a href=\"https:\/\/kiddymusics.egluu.com\/ca\/centres-kiddy-music\/\">aqu\u00ed<\/a> per veure els centres KiddyMusics.<\/li>\n<\/ul>\n<hr>\n<h4><strong>KiddyMusics Nens Grans 2 (6-7 anys)<\/strong><\/h4>\n<p>Etapa coneguda com a operativa. Els conceptes de la base musical es concreten en forma d\u2019exercicis pr\u00e0ctics i te\u00f2rics. Amb la roda d\u2019instruments prendran contacte directe amb els instruments de les tres fam\u00edlies. Aquest fet permetr\u00e0 a l\u2019alumne escollir l\u2019instrument que m\u00e9s s\u2019adapti a les seves capacitats i prefer\u00e8ncies. Objectius: Introduir conceptes b\u00e0sics del llenguatge musical i proposar un contacte directe amb diferents instruments a trav\u00e9s de la roda d\u2019instruments.<\/p>\n<ul>\n<li>\n<h4>Per a qui?<\/h4>\n<p>Nens o nenes dels 6 als 7 anys.<\/li>\n<li>\n<h4>Com?<\/h4>\n<p>En sessions de 60 minuts setmanals.<\/li>\n<li>\n<h4>A on?<\/h4>\n<p>Clica <a href=\"https:\/\/kiddymusics.egluu.com\/ca\/centres-kiddy-music\/\">aqu\u00ed<\/a> per veure els centres KiddyMusics.<\/li>\n<\/ul>\n","protected":false},"excerpt":{"rendered":"<p>Petits, per\u00f2 grans m\u00fasics en pot\u00e8ncia!<\/p>\n","protected":false},"author":1,"featured_media":1612,"parent":0,"menu_order":44,"comment_status":"closed","ping_status":"closed","template":"embarassades.php","meta":{"_acf_changed":false,"pmpro_default_level":"","footnotes":""},"class_list":["post-254","page","type-page","status-publish","has-post-thumbnail","hentry","pmpro-has-access"],"acf":[],"yoast_head":"<!-- This site is optimized with the Yoast SEO plugin v24.9 - https:\/\/yoast.com\/wordpress\/plugins\/seo\/ -->\n<title>Nens grans (de 5 a 7 anys) | KiddyMusics<\/title>\n<meta name=\"robots\" content=\"noindex, follow, max-snippet:-1, max-image-preview:large, max-video-preview:-1\" \/>\n<meta property=\"og:locale\" content=\"ca_ES\" \/>\n<meta property=\"og:type\" content=\"article\" \/>\n<meta property=\"og:title\" content=\"Nens grans (de 5 a 7 anys) | KiddyMusics\" \/>\n<meta property=\"og:description\" content=\"Petits, per\u00f2 grans m\u00fasics en pot\u00e8ncia!\" \/>\n<meta property=\"og:url\" content=\"https:\/\/kiddymusics.egluu.com\/ca\/nens-grans\/\" \/>\n<meta property=\"og:site_name\" content=\"KiddyMusics\" \/>\n<meta property=\"article:modified_time\" content=\"2021-05-18T10:02:22+00:00\" \/>\n<meta property=\"og:image\" content=\"https:\/\/kiddymusics.egluu.com\/wp-content\/uploads\/2018\/02\/header_440x1920_nensgrans.jpg\" \/>\n\t<meta property=\"og:image:width\" content=\"1920\" \/>\n\t<meta property=\"og:image:height\" content=\"440\" \/>\n\t<meta property=\"og:image:type\" content=\"image\/jpeg\" \/>\n<meta name=\"twitter:card\" content=\"summary_large_image\" \/>\n<meta name=\"twitter:label1\" content=\"Est. reading time\" \/>\n\t<meta name=\"twitter:data1\" content=\"1 minute\" \/>\n<script type=\"application\/ld+json\" class=\"yoast-schema-graph\">{\"@context\":\"https:\/\/schema.org\",\"@graph\":[{\"@type\":\"WebPage\",\"@id\":\"https:\/\/kiddymusics.egluu.com\/ca\/nens-grans\/\",\"url\":\"https:\/\/kiddymusics.egluu.com\/ca\/nens-grans\/\",\"name\":\"Nens grans (de 5 a 7 anys) | KiddyMusics\",\"isPartOf\":{\"@id\":\"https:\/\/kiddymusics.egluu.com\/ca\/#website\"},\"primaryImageOfPage\":{\"@id\":\"https:\/\/kiddymusics.egluu.com\/ca\/nens-grans\/#primaryimage\"},\"image\":{\"@id\":\"https:\/\/kiddymusics.egluu.com\/ca\/nens-grans\/#primaryimage\"},\"thumbnailUrl\":\"https:\/\/kiddymusics.egluu.com\/wp-content\/uploads\/2018\/02\/header_440x1920_nensgrans.jpg\",\"datePublished\":\"2018-01-03T07:06:01+00:00\",\"dateModified\":\"2021-05-18T10:02:22+00:00\",\"breadcrumb\":{\"@id\":\"https:\/\/kiddymusics.egluu.com\/ca\/nens-grans\/#breadcrumb\"},\"inLanguage\":\"ca-ES\",\"potentialAction\":[{\"@type\":\"ReadAction\",\"target\":[\"https:\/\/kiddymusics.egluu.com\/ca\/nens-grans\/\"]}]},{\"@type\":\"ImageObject\",\"inLanguage\":\"ca-ES\",\"@id\":\"https:\/\/kiddymusics.egluu.com\/ca\/nens-grans\/#primaryimage\",\"url\":\"https:\/\/kiddymusics.egluu.com\/wp-content\/uploads\/2018\/02\/header_440x1920_nensgrans.jpg\",\"contentUrl\":\"https:\/\/kiddymusics.egluu.com\/wp-content\/uploads\/2018\/02\/header_440x1920_nensgrans.jpg\",\"width\":1920,\"height\":440,\"caption\":\"m\u00fasica per nens\"},{\"@type\":\"BreadcrumbList\",\"@id\":\"https:\/\/kiddymusics.egluu.com\/ca\/nens-grans\/#breadcrumb\",\"itemListElement\":[{\"@type\":\"ListItem\",\"position\":1,\"name\":\"Home\",\"item\":\"https:\/\/kiddymusics.egluu.com\/ca\/\"},{\"@type\":\"ListItem\",\"position\":2,\"name\":\"Nens grans (de 5 a 7 anys)\"}]},{\"@type\":\"WebSite\",\"@id\":\"https:\/\/kiddymusics.egluu.com\/ca\/#website\",\"url\":\"https:\/\/kiddymusics.egluu.com\/ca\/\",\"name\":\"KiddyMusics\",\"description\":\"Plataforma per a l\u2019Educaci\u00f3 i la Difusi\u00f3 de la M\u00fasica\",\"publisher\":{\"@id\":\"https:\/\/kiddymusics.egluu.com\/ca\/#organization\"},\"potentialAction\":[{\"@type\":\"SearchAction\",\"target\":{\"@type\":\"EntryPoint\",\"urlTemplate\":\"https:\/\/kiddymusics.egluu.com\/ca\/?s={search_term_string}\"},\"query-input\":{\"@type\":\"PropertyValueSpecification\",\"valueRequired\":true,\"valueName\":\"search_term_string\"}}],\"inLanguage\":\"ca-ES\"},{\"@type\":\"Organization\",\"@id\":\"https:\/\/kiddymusics.egluu.com\/ca\/#organization\",\"name\":\"KiddyMusics\",\"url\":\"https:\/\/kiddymusics.egluu.com\/ca\/\",\"logo\":{\"@type\":\"ImageObject\",\"inLanguage\":\"ca-ES\",\"@id\":\"https:\/\/kiddymusics.egluu.com\/ca\/#\/schema\/logo\/image\/\",\"url\":\"https:\/\/kiddymusics.egluu.com\/wp-content\/uploads\/2019\/12\/cropped-KM-logo-235.png\",\"contentUrl\":\"https:\/\/kiddymusics.egluu.com\/wp-content\/uploads\/2019\/12\/cropped-KM-logo-235.png\",\"width\":250,\"height\":250,\"caption\":\"KiddyMusics\"},\"image\":{\"@id\":\"https:\/\/kiddymusics.egluu.com\/ca\/#\/schema\/logo\/image\/\"}}]}<\/script>\n<!-- \/ Yoast SEO plugin. -->","yoast_head_json":{"title":"Nens grans (de 5 a 7 anys) | KiddyMusics","robots":{"index":"noindex","follow":"follow","max-snippet":"max-snippet:-1","max-image-preview":"max-image-preview:large","max-video-preview":"max-video-preview:-1"},"og_locale":"ca_ES","og_type":"article","og_title":"Nens grans (de 5 a 7 anys) | KiddyMusics","og_description":"Petits, per\u00f2 grans m\u00fasics en pot\u00e8ncia!","og_url":"https:\/\/kiddymusics.egluu.com\/ca\/nens-grans\/","og_site_name":"KiddyMusics","article_modified_time":"2021-05-18T10:02:22+00:00","og_image":[{"width":1920,"height":440,"url":"https:\/\/kiddymusics.egluu.com\/wp-content\/uploads\/2018\/02\/header_440x1920_nensgrans.jpg","type":"image\/jpeg"}],"twitter_card":"summary_large_image","twitter_misc":{"Est. reading time":"1 minute"},"schema":{"@context":"https:\/\/schema.org","@graph":[{"@type":"WebPage","@id":"https:\/\/kiddymusics.egluu.com\/ca\/nens-grans\/","url":"https:\/\/kiddymusics.egluu.com\/ca\/nens-grans\/","name":"Nens grans (de 5 a 7 anys) | KiddyMusics","isPartOf":{"@id":"https:\/\/kiddymusics.egluu.com\/ca\/#website"},"primaryImageOfPage":{"@id":"https:\/\/kiddymusics.egluu.com\/ca\/nens-grans\/#primaryimage"},"image":{"@id":"https:\/\/kiddymusics.egluu.com\/ca\/nens-grans\/#primaryimage"},"thumbnailUrl":"https:\/\/kiddymusics.egluu.com\/wp-content\/uploads\/2018\/02\/header_440x1920_nensgrans.jpg","datePublished":"2018-01-03T07:06:01+00:00","dateModified":"2021-05-18T10:02:22+00:00","breadcrumb":{"@id":"https:\/\/kiddymusics.egluu.com\/ca\/nens-grans\/#breadcrumb"},"inLanguage":"ca-ES","potentialAction":[{"@type":"ReadAction","target":["https:\/\/kiddymusics.egluu.com\/ca\/nens-grans\/"]}]},{"@type":"ImageObject","inLanguage":"ca-ES","@id":"https:\/\/kiddymusics.egluu.com\/ca\/nens-grans\/#primaryimage","url":"https:\/\/kiddymusics.egluu.com\/wp-content\/uploads\/2018\/02\/header_440x1920_nensgrans.jpg","contentUrl":"https:\/\/kiddymusics.egluu.com\/wp-content\/uploads\/2018\/02\/header_440x1920_nensgrans.jpg","width":1920,"height":440,"caption":"m\u00fasica per nens"},{"@type":"BreadcrumbList","@id":"https:\/\/kiddymusics.egluu.com\/ca\/nens-grans\/#breadcrumb","itemListElement":[{"@type":"ListItem","position":1,"name":"Home","item":"https:\/\/kiddymusics.egluu.com\/ca\/"},{"@type":"ListItem","position":2,"name":"Nens grans (de 5 a 7 anys)"}]},{"@type":"WebSite","@id":"https:\/\/kiddymusics.egluu.com\/ca\/#website","url":"https:\/\/kiddymusics.egluu.com\/ca\/","name":"KiddyMusics","description":"Plataforma per a l\u2019Educaci\u00f3 i la Difusi\u00f3 de la M\u00fasica","publisher":{"@id":"https:\/\/kiddymusics.egluu.com\/ca\/#organization"},"potentialAction":[{"@type":"SearchAction","target":{"@type":"EntryPoint","urlTemplate":"https:\/\/kiddymusics.egluu.com\/ca\/?s={search_term_string}"},"query-input":{"@type":"PropertyValueSpecification","valueRequired":true,"valueName":"search_term_string"}}],"inLanguage":"ca-ES"},{"@type":"Organization","@id":"https:\/\/kiddymusics.egluu.com\/ca\/#organization","name":"KiddyMusics","url":"https:\/\/kiddymusics.egluu.com\/ca\/","logo":{"@type":"ImageObject","inLanguage":"ca-ES","@id":"https:\/\/kiddymusics.egluu.com\/ca\/#\/schema\/logo\/image\/","url":"https:\/\/kiddymusics.egluu.com\/wp-content\/uploads\/2019\/12\/cropped-KM-logo-235.png","contentUrl":"https:\/\/kiddymusics.egluu.com\/wp-content\/uploads\/2019\/12\/cropped-KM-logo-235.png","width":250,"height":250,"caption":"KiddyMusics"},"image":{"@id":"https:\/\/kiddymusics.egluu.com\/ca\/#\/schema\/logo\/image\/"}}]}},"_links":{"self":[{"href":"https:\/\/kiddymusics.egluu.com\/ca\/wp-json\/wp\/v2\/pages\/254","targetHints":{"allow":["GET"]}}],"collection":[{"href":"https:\/\/kiddymusics.egluu.com\/ca\/wp-json\/wp\/v2\/pages"}],"about":[{"href":"https:\/\/kiddymusics.egluu.com\/ca\/wp-json\/wp\/v2\/types\/page"}],"author":[{"embeddable":true,"href":"https:\/\/kiddymusics.egluu.com\/ca\/wp-json\/wp\/v2\/users\/1"}],"replies":[{"embeddable":true,"href":"https:\/\/kiddymusics.egluu.com\/ca\/wp-json\/wp\/v2\/comments?post=254"}],"version-history":[{"count":37,"href":"https:\/\/kiddymusics.egluu.com\/ca\/wp-json\/wp\/v2\/pages\/254\/revisions"}],"predecessor-version":[{"id":5511,"href":"https:\/\/kiddymusics.egluu.com\/ca\/wp-json\/wp\/v2\/pages\/254\/revisions\/5511"}],"wp:featuredmedia":[{"embeddable":true,"href":"https:\/\/kiddymusics.egluu.com\/ca\/wp-json\/wp\/v2\/media\/1612"}],"wp:attachment":[{"href":"https:\/\/kiddymusics.egluu.com\/ca\/wp-json\/wp\/v2\/media?parent=254"}],"curies":[{"name":"wp","href":"https:\/\/api.w.org\/{rel}","templated":true}]}}