{"id":242,"date":"2018-01-03T07:04:07","date_gmt":"2018-01-03T07:04:07","guid":{"rendered":"https:\/\/kiddymusics.egluu.com\/embarassades-2\/"},"modified":"2021-05-18T11:57:10","modified_gmt":"2021-05-18T09:57:10","slug":"nadons","status":"publish","type":"page","link":"https:\/\/kiddymusics.egluu.com\/ca\/nadons\/","title":{"rendered":"Nadons (de 4 a 11 mesos)"},"content":{"rendered":"<h2>Classes de KiddyMusics Nadons<\/h2>\n<h3>L\u2019oferta de cursos per nadons que disposem als centres KiddyMusics \u00e9s:<\/h3>\n<ul>\n<li>\n<h4><strong>KiddyMusics Nadons (de 4 a 11 mesos)<\/strong><\/h4>\n<p>Les activitats d\u2019aquest curs estan dissenyades espec\u00edficament per ensenyar-te a col\u2022laborar en el desenvolupament musical en la inf\u00e0ncia i com connectar amb el teu nad\u00f3 a trav\u00e9s de la m\u00fasica utilitzant m\u00e8todes com \u201cla descoberta del cos\u201d, \u201cel despertar dels sentits\u201d, \u201d l\u2019experimentaci\u00f3 sonora\u201d, etc\u2026<\/li>\n<li>\n<h4>Per a qui?<\/h4>\n<p>Fam\u00edlies amb nens o nenes dels 4 als 11 mesos d\u2019edat.<\/li>\n<li>\n<h4>Com?<\/h4>\n<p>En sessions de 45 minuts setmanals.<\/li>\n<li>\n<h4>A on?<\/h4>\n<p>Clica&nbsp;<a href=\"https:\/\/kiddymusics.egluu.com\/centres-kiddy-music\/\" target=\"_blank\" rel=\"noopener noreferrer\">aqu\u00ed<\/a> per veure els centres KiddyMusics.<\/li>\n<\/ul>\n","protected":false},"excerpt":{"rendered":"<p>Descobrint el m\u00f3n a trav\u00e9s dels sons<\/p>\n","protected":false},"author":1,"featured_media":1611,"parent":0,"menu_order":36,"comment_status":"closed","ping_status":"closed","template":"embarassades.php","meta":{"_acf_changed":false,"pmpro_default_level":"","footnotes":""},"class_list":["post-242","page","type-page","status-publish","has-post-thumbnail","hentry","pmpro-has-access"],"acf":[],"yoast_head":"<!-- This site is optimized with the Yoast SEO plugin v24.9 - https:\/\/yoast.com\/wordpress\/plugins\/seo\/ -->\n<title>Nadons (de 4 a 11 mesos) | KiddyMusics<\/title>\n<meta name=\"robots\" content=\"noindex, follow, max-snippet:-1, max-image-preview:large, max-video-preview:-1\" \/>\n<meta property=\"og:locale\" content=\"ca_ES\" \/>\n<meta property=\"og:type\" content=\"article\" \/>\n<meta property=\"og:title\" content=\"Nadons (de 4 a 11 mesos) | KiddyMusics\" \/>\n<meta property=\"og:description\" content=\"Descobrint el m\u00f3n a trav\u00e9s dels sons\" \/>\n<meta property=\"og:url\" content=\"https:\/\/kiddymusics.egluu.com\/ca\/nadons\/\" \/>\n<meta property=\"og:site_name\" content=\"KiddyMusics\" \/>\n<meta property=\"article:modified_time\" content=\"2021-05-18T09:57:10+00:00\" \/>\n<meta property=\"og:image\" content=\"https:\/\/kiddymusics.egluu.com\/wp-content\/uploads\/2018\/02\/header_440x1920_nadons.jpg\" \/>\n\t<meta property=\"og:image:width\" content=\"1920\" \/>\n\t<meta property=\"og:image:height\" content=\"440\" \/>\n\t<meta property=\"og:image:type\" content=\"image\/jpeg\" \/>\n<meta name=\"twitter:card\" content=\"summary_large_image\" \/>\n<meta name=\"twitter:label1\" content=\"Est. reading time\" \/>\n\t<meta name=\"twitter:data1\" content=\"1 minute\" \/>\n<script type=\"application\/ld+json\" class=\"yoast-schema-graph\">{\"@context\":\"https:\/\/schema.org\",\"@graph\":[{\"@type\":\"WebPage\",\"@id\":\"https:\/\/kiddymusics.egluu.com\/ca\/nadons\/\",\"url\":\"https:\/\/kiddymusics.egluu.com\/ca\/nadons\/\",\"name\":\"Nadons (de 4 a 11 mesos) | KiddyMusics\",\"isPartOf\":{\"@id\":\"https:\/\/kiddymusics.egluu.com\/ca\/#website\"},\"primaryImageOfPage\":{\"@id\":\"https:\/\/kiddymusics.egluu.com\/ca\/nadons\/#primaryimage\"},\"image\":{\"@id\":\"https:\/\/kiddymusics.egluu.com\/ca\/nadons\/#primaryimage\"},\"thumbnailUrl\":\"https:\/\/kiddymusics.egluu.com\/wp-content\/uploads\/2018\/02\/header_440x1920_nadons.jpg\",\"datePublished\":\"2018-01-03T07:04:07+00:00\",\"dateModified\":\"2021-05-18T09:57:10+00:00\",\"breadcrumb\":{\"@id\":\"https:\/\/kiddymusics.egluu.com\/ca\/nadons\/#breadcrumb\"},\"inLanguage\":\"ca-ES\",\"potentialAction\":[{\"@type\":\"ReadAction\",\"target\":[\"https:\/\/kiddymusics.egluu.com\/ca\/nadons\/\"]}]},{\"@type\":\"ImageObject\",\"inLanguage\":\"ca-ES\",\"@id\":\"https:\/\/kiddymusics.egluu.com\/ca\/nadons\/#primaryimage\",\"url\":\"https:\/\/kiddymusics.egluu.com\/wp-content\/uploads\/2018\/02\/header_440x1920_nadons.jpg\",\"contentUrl\":\"https:\/\/kiddymusics.egluu.com\/wp-content\/uploads\/2018\/02\/header_440x1920_nadons.jpg\",\"width\":1920,\"height\":440,\"caption\":\"m\u00fasica per nadons\"},{\"@type\":\"BreadcrumbList\",\"@id\":\"https:\/\/kiddymusics.egluu.com\/ca\/nadons\/#breadcrumb\",\"itemListElement\":[{\"@type\":\"ListItem\",\"position\":1,\"name\":\"Home\",\"item\":\"https:\/\/kiddymusics.egluu.com\/ca\/\"},{\"@type\":\"ListItem\",\"position\":2,\"name\":\"Nadons (de 4 a 11 mesos)\"}]},{\"@type\":\"WebSite\",\"@id\":\"https:\/\/kiddymusics.egluu.com\/ca\/#website\",\"url\":\"https:\/\/kiddymusics.egluu.com\/ca\/\",\"name\":\"KiddyMusics\",\"description\":\"Plataforma per a l\u2019Educaci\u00f3 i la Difusi\u00f3 de la M\u00fasica\",\"publisher\":{\"@id\":\"https:\/\/kiddymusics.egluu.com\/ca\/#organization\"},\"potentialAction\":[{\"@type\":\"SearchAction\",\"target\":{\"@type\":\"EntryPoint\",\"urlTemplate\":\"https:\/\/kiddymusics.egluu.com\/ca\/?s={search_term_string}\"},\"query-input\":{\"@type\":\"PropertyValueSpecification\",\"valueRequired\":true,\"valueName\":\"search_term_string\"}}],\"inLanguage\":\"ca-ES\"},{\"@type\":\"Organization\",\"@id\":\"https:\/\/kiddymusics.egluu.com\/ca\/#organization\",\"name\":\"KiddyMusics\",\"url\":\"https:\/\/kiddymusics.egluu.com\/ca\/\",\"logo\":{\"@type\":\"ImageObject\",\"inLanguage\":\"ca-ES\",\"@id\":\"https:\/\/kiddymusics.egluu.com\/ca\/#\/schema\/logo\/image\/\",\"url\":\"https:\/\/kiddymusics.egluu.com\/wp-content\/uploads\/2019\/12\/cropped-KM-logo-235.png\",\"contentUrl\":\"https:\/\/kiddymusics.egluu.com\/wp-content\/uploads\/2019\/12\/cropped-KM-logo-235.png\",\"width\":250,\"height\":250,\"caption\":\"KiddyMusics\"},\"image\":{\"@id\":\"https:\/\/kiddymusics.egluu.com\/ca\/#\/schema\/logo\/image\/\"}}]}<\/script>\n<!-- \/ Yoast SEO plugin. -->","yoast_head_json":{"title":"Nadons (de 4 a 11 mesos) | KiddyMusics","robots":{"index":"noindex","follow":"follow","max-snippet":"max-snippet:-1","max-image-preview":"max-image-preview:large","max-video-preview":"max-video-preview:-1"},"og_locale":"ca_ES","og_type":"article","og_title":"Nadons (de 4 a 11 mesos) | KiddyMusics","og_description":"Descobrint el m\u00f3n a trav\u00e9s dels sons","og_url":"https:\/\/kiddymusics.egluu.com\/ca\/nadons\/","og_site_name":"KiddyMusics","article_modified_time":"2021-05-18T09:57:10+00:00","og_image":[{"width":1920,"height":440,"url":"https:\/\/kiddymusics.egluu.com\/wp-content\/uploads\/2018\/02\/header_440x1920_nadons.jpg","type":"image\/jpeg"}],"twitter_card":"summary_large_image","twitter_misc":{"Est. reading time":"1 minute"},"schema":{"@context":"https:\/\/schema.org","@graph":[{"@type":"WebPage","@id":"https:\/\/kiddymusics.egluu.com\/ca\/nadons\/","url":"https:\/\/kiddymusics.egluu.com\/ca\/nadons\/","name":"Nadons (de 4 a 11 mesos) | KiddyMusics","isPartOf":{"@id":"https:\/\/kiddymusics.egluu.com\/ca\/#website"},"primaryImageOfPage":{"@id":"https:\/\/kiddymusics.egluu.com\/ca\/nadons\/#primaryimage"},"image":{"@id":"https:\/\/kiddymusics.egluu.com\/ca\/nadons\/#primaryimage"},"thumbnailUrl":"https:\/\/kiddymusics.egluu.com\/wp-content\/uploads\/2018\/02\/header_440x1920_nadons.jpg","datePublished":"2018-01-03T07:04:07+00:00","dateModified":"2021-05-18T09:57:10+00:00","breadcrumb":{"@id":"https:\/\/kiddymusics.egluu.com\/ca\/nadons\/#breadcrumb"},"inLanguage":"ca-ES","potentialAction":[{"@type":"ReadAction","target":["https:\/\/kiddymusics.egluu.com\/ca\/nadons\/"]}]},{"@type":"ImageObject","inLanguage":"ca-ES","@id":"https:\/\/kiddymusics.egluu.com\/ca\/nadons\/#primaryimage","url":"https:\/\/kiddymusics.egluu.com\/wp-content\/uploads\/2018\/02\/header_440x1920_nadons.jpg","contentUrl":"https:\/\/kiddymusics.egluu.com\/wp-content\/uploads\/2018\/02\/header_440x1920_nadons.jpg","width":1920,"height":440,"caption":"m\u00fasica per nadons"},{"@type":"BreadcrumbList","@id":"https:\/\/kiddymusics.egluu.com\/ca\/nadons\/#breadcrumb","itemListElement":[{"@type":"ListItem","position":1,"name":"Home","item":"https:\/\/kiddymusics.egluu.com\/ca\/"},{"@type":"ListItem","position":2,"name":"Nadons (de 4 a 11 mesos)"}]},{"@type":"WebSite","@id":"https:\/\/kiddymusics.egluu.com\/ca\/#website","url":"https:\/\/kiddymusics.egluu.com\/ca\/","name":"KiddyMusics","description":"Plataforma per a l\u2019Educaci\u00f3 i la Difusi\u00f3 de la M\u00fasica","publisher":{"@id":"https:\/\/kiddymusics.egluu.com\/ca\/#organization"},"potentialAction":[{"@type":"SearchAction","target":{"@type":"EntryPoint","urlTemplate":"https:\/\/kiddymusics.egluu.com\/ca\/?s={search_term_string}"},"query-input":{"@type":"PropertyValueSpecification","valueRequired":true,"valueName":"search_term_string"}}],"inLanguage":"ca-ES"},{"@type":"Organization","@id":"https:\/\/kiddymusics.egluu.com\/ca\/#organization","name":"KiddyMusics","url":"https:\/\/kiddymusics.egluu.com\/ca\/","logo":{"@type":"ImageObject","inLanguage":"ca-ES","@id":"https:\/\/kiddymusics.egluu.com\/ca\/#\/schema\/logo\/image\/","url":"https:\/\/kiddymusics.egluu.com\/wp-content\/uploads\/2019\/12\/cropped-KM-logo-235.png","contentUrl":"https:\/\/kiddymusics.egluu.com\/wp-content\/uploads\/2019\/12\/cropped-KM-logo-235.png","width":250,"height":250,"caption":"KiddyMusics"},"image":{"@id":"https:\/\/kiddymusics.egluu.com\/ca\/#\/schema\/logo\/image\/"}}]}},"_links":{"self":[{"href":"https:\/\/kiddymusics.egluu.com\/ca\/wp-json\/wp\/v2\/pages\/242","targetHints":{"allow":["GET"]}}],"collection":[{"href":"https:\/\/kiddymusics.egluu.com\/ca\/wp-json\/wp\/v2\/pages"}],"about":[{"href":"https:\/\/kiddymusics.egluu.com\/ca\/wp-json\/wp\/v2\/types\/page"}],"author":[{"embeddable":true,"href":"https:\/\/kiddymusics.egluu.com\/ca\/wp-json\/wp\/v2\/users\/1"}],"replies":[{"embeddable":true,"href":"https:\/\/kiddymusics.egluu.com\/ca\/wp-json\/wp\/v2\/comments?post=242"}],"version-history":[{"count":42,"href":"https:\/\/kiddymusics.egluu.com\/ca\/wp-json\/wp\/v2\/pages\/242\/revisions"}],"predecessor-version":[{"id":5505,"href":"https:\/\/kiddymusics.egluu.com\/ca\/wp-json\/wp\/v2\/pages\/242\/revisions\/5505"}],"wp:featuredmedia":[{"embeddable":true,"href":"https:\/\/kiddymusics.egluu.com\/ca\/wp-json\/wp\/v2\/media\/1611"}],"wp:attachment":[{"href":"https:\/\/kiddymusics.egluu.com\/ca\/wp-json\/wp\/v2\/media?parent=242"}],"curies":[{"name":"wp","href":"https:\/\/api.w.org\/{rel}","templated":true}]}}