{"id":229,"date":"2018-01-02T11:00:13","date_gmt":"2018-01-02T11:00:13","guid":{"rendered":"https:\/\/kiddymusics.egluu.com\/embarassades-2\/"},"modified":"2020-02-26T14:26:08","modified_gmt":"2020-02-26T13:26:08","slug":"uneix-te-a-lequip","status":"publish","type":"page","link":"https:\/\/kiddymusics.egluu.com\/ca\/uneix-te-a-lequip\/","title":{"rendered":"Uneix-te a l&#8217;equip"},"content":{"rendered":"<h2 class=\"wp-block-heading\"><strong>Educadors Kiddymusics<\/strong><\/h2><h4 class=\"wp-block-heading\">Uneix-te a l\u2019Equip KM<\/h4><p>L\u2019experi\u00e8ncia de KiddyMusics en l\u2019\u00e1mbit de la sensibilitzaci\u00f3 i l\u2019educaci\u00f3 musical dels infants al llarg dels anys ens diu que el coneixement i l\u2019aplicaci\u00f3 de les provades metodologies existents \u00e9s tan important com el proc\u00e9s de seguiment i implementaci\u00f3 dels nous estudis o m\u00e8todes adaptats als paradigmes socials emergents. KiddyMusics t\u2019ofereix la possibilitat de compartir els seus coneixements i les seves experi\u00e8ncies en l\u2019\u00e0mbit de l\u2019educaci\u00f3 musical a trav\u00e9s dels seus <strong>TALLERS DE CAPACITACI\u00d3<\/strong>. Es tracta de tallers, eminentment pr\u00e0ctics, orientats a viure l\u2019experi\u00e8ncia real d\u2019impartir sessions amb nens i nenes i tamb\u00e9, en el seu cas, amb els seus pares, mares o acompanyants. Aquests Tallers et mostraran una nova manera de pensar sobre la m\u00fasica i els nens.<\/p><p><\/p><h4 class=\"wp-block-heading\">Per qu\u00e8 el TALLER DE CAPACITACI\u00d3 de KiddyMusics<\/h4><p>La nostra experi\u00e8ncia en l\u2019\u00e0mbit de la Capacitaci\u00f3 ens diu que la teoria que aporta el professorat a l\u2019hora d\u2019 impartir una sessi\u00f3 es veu de vegades desbordada per la situaci\u00f3 real de tractar infants i\/o acompanyants amb diverses sensibilitats o estats d\u2019\u00e0nim per exemple. Aspectes que hom hauria de tenir per poder treballar amb infants i\/o acompanyants com s\u00f3n: l\u2019empatia, l\u2019energia, la vocaci\u00f3, la planificaci\u00f3 acurada de les sessions, l\u2019 aplicaci\u00f3 de les din\u00e0miques, la observaci\u00f3 i la creativitat va m\u00e9s enll\u00e0 que els propis coneixements o la formaci\u00f3 te\u00f2rica rebuda. Aquests aspectes ens portaran a aconseguir una bona cohesi\u00f3 de grup, una evoluci\u00f3 continuada, dels nens\/es i pares, i sobretot treballar en un ambient relaxat, reconfortant i gratificant per a tots\/es. En resum obtenir l\u2019\u00e8xit de l\u2019activitat per a tots.<\/p><p><\/p><h4 class=\"wp-block-heading\">El TALLER DE CAPACITACI\u00d3 de KiddyMusics consta de cinc sessions:<\/h4><p>Una de preparaci\u00f3 m\u00e9s quatre en situacions reals, i combinar la filosofia i la pr\u00e0ctica en un ambient relaxat i solidari perqu\u00e8 es pugui observar com posem en pr\u00e0ctica la nostra teoria.<\/p><h3 class=\"wp-block-heading\">Que pots aprendre:<\/h3><p>&#8211; Sobre la nostra filosofia i com la recerca d\u00f3na suport al nostre projecte curricular.<br>&#8211; Sobre la influ\u00e8ncia de la m\u00fasica en el desenvolupament dels infants i sobre com aplicar-la.<br>&#8211; Un nou repertori de can\u00e7ons, de patrons, d\u2019activitats musicals, etc\u2026<br>&#8211; Com planificar les sessions i gestionar una aula.<br>&#8211; Com transmetre la informaci\u00f3 als pares i als cuidadors.<\/p><h3 class=\"wp-block-heading\">I Tamb\u00e9 podr\u00e0s:<\/h3><p>&#8211; Assistir a quatre sessions pr\u00e0ctiques en viu impartides per professors experimentats.<br>&#8211; Practicar el contingut del material emprat.<br>&#8211; Rebre l&#8217;atenci\u00f3 personal, l&#8217;entrenament i els comentaris dels preparadors.<br>&#8211; Con\u00e8ixer i divertir-te amb altres persones que estimen els nens i la m\u00fasica.<\/p><p>Les places als nostres Tallers son limitades, permeten a cada participant rebre l\u2019atenci\u00f3 personal del preparador. D&#8217;aquesta manera, en funci\u00f3 de la teva experi\u00e8ncia i la teva capacitat, estar\u00e0s a punt d\u2019aplicar els teus coneixements tan aviat com hagis acabat les cinc sessions.<\/p><div class=\"wp-block-image\"><figure class=\"aligncenter\"><img loading=\"lazy\" decoding=\"async\" width=\"500\" height=\"500\" src=\"https:\/\/kiddymusics.egluu.com\/wp-content\/uploads\/2018\/01\/blog-2.jpg\" alt=\"\" class=\"wp-image-2391\" srcset=\"https:\/\/kiddymusics.egluu.com\/wp-content\/uploads\/2018\/01\/blog-2.jpg 500w, https:\/\/kiddymusics.egluu.com\/wp-content\/uploads\/2018\/01\/blog-2-150x150.jpg 150w, https:\/\/kiddymusics.egluu.com\/wp-content\/uploads\/2018\/01\/blog-2-300x300.jpg 300w, https:\/\/kiddymusics.egluu.com\/wp-content\/uploads\/2018\/01\/blog-2-100x100.jpg 100w\" sizes=\"auto, (max-width: 500px) 100vw, 500px\" \/><\/figure><\/div><h4 class=\"wp-block-heading\">Un cop completat el TALLER DE CAPACITACI\u00d3 de KiddyMusics podr\u00e0s triar les diverses opcions proposades:<\/h4><h3 class=\"wp-block-heading\">&#8211; Ensenyar en un Centre KiddyMusics<\/h3><p>Una vegada hagis acabat amb \u00e8xit el Taller de Capacitaci\u00f3, tindr\u00e0s la possibilitat d\u2019impartir sessions en un dels nostres centres. Per obtenir informaci\u00f3 sobre els nostres centres, visita el Localizador de centres al nostre Web. Tamb\u00e9 ens pots enviar un correu electr\u00f2nic a hola@kiddymusics.com o trucar al tel\u00e8fon 934 584 203 per rebre m\u00e9s informaci\u00f3.<\/p><h3 class=\"wp-block-heading\">&#8211; Portar el m\u00e8tode KiddyMusics a Escoles i AMPA\u2019s<\/h3><p>Busca escoles que puguin estar interessades en aplicar els nostres programes al seu Projecte Curricular o com Activitat Extraescolar. Amb el suport i seguiment de KiddyMusics podr\u00e0s desenvolupar el teu projecte dins l\u2019escola amb la nostra garantia i experi\u00e8ncia. Contacta amb nosaltres per rebre m\u00e9s informaci\u00f3 d\u2019aquesta opci\u00f3.<\/p><h3 class=\"wp-block-heading\">&#8211; Obrir un Centre KiddyMusics<\/h3><p>Si el que vols es iniciar la teva petita empresa, pots sol\u00b7licitar una llic\u00e8ncia de marca comercial no exclusiva per convertir-te en director del teu propi centre KiddyMusics. Rebr\u00e0s tot el nostre suport de marca aix\u00ed com continguts per a les sessions que t\u2019ajudaran a desenvolupar el teu propi negoci. Contacta amb nosaltres si creus que aquesta opci\u00f3 pot ser interessant per a tu.<\/p><h4 class=\"wp-block-heading\">Una nota sobre llic\u00e8ncies KidyMusics<\/h4><p>KiddyMusics \u00e9s una Marca Registrada que nom\u00e9s es pot utilitzar amb el perm\u00eds de KiddyMusics. Sense una llic\u00e8ncia, les persones F\u00edsiques o Jur\u00eddiques no poden fer \u00fas ni compartir el material en qualsevol situaci\u00f3 en qu\u00e8 hi hagi \u00e0nim de lucre.<\/p><p>Envieu un missatge de correu electr\u00f2nic a comunica@kiddymusics.com per demanar el perm\u00eds per poder utilitzar qualsevol material del programa KiddyMusics.<\/p><p>Si teniu m\u00e9s preguntes, no dubteu a posar-vos en contacte amb nosaltres.<\/p>","protected":false},"excerpt":{"rendered":"<p>Forma&#8217;t amb Nosaltres<\/p>\n","protected":false},"author":1,"featured_media":1574,"parent":0,"menu_order":97,"comment_status":"closed","ping_status":"closed","template":"embarassades.php","meta":{"_acf_changed":false,"pmpro_default_level":"","footnotes":""},"class_list":["post-229","page","type-page","status-publish","has-post-thumbnail","hentry","pmpro-has-access"],"acf":[],"yoast_head":"<!-- This site is optimized with the Yoast SEO plugin v24.9 - https:\/\/yoast.com\/wordpress\/plugins\/seo\/ -->\n<title>Uneix-te a l&#039;equip | KiddyMusics<\/title>\n<meta name=\"robots\" content=\"noindex, follow, max-snippet:-1, max-image-preview:large, max-video-preview:-1\" \/>\n<meta property=\"og:locale\" content=\"ca_ES\" \/>\n<meta property=\"og:type\" content=\"article\" \/>\n<meta property=\"og:title\" content=\"Uneix-te a l&#039;equip | KiddyMusics\" \/>\n<meta property=\"og:description\" content=\"Forma&#039;t amb Nosaltres\" \/>\n<meta property=\"og:url\" content=\"https:\/\/kiddymusics.egluu.com\/ca\/uneix-te-a-lequip\/\" \/>\n<meta property=\"og:site_name\" content=\"KiddyMusics\" \/>\n<meta property=\"article:modified_time\" content=\"2020-02-26T13:26:08+00:00\" \/>\n<meta property=\"og:image\" content=\"https:\/\/kiddymusics.egluu.com\/wp-content\/uploads\/2018\/02\/educadors-musicals.jpg\" \/>\n\t<meta property=\"og:image:width\" content=\"1024\" \/>\n\t<meta property=\"og:image:height\" content=\"235\" \/>\n\t<meta property=\"og:image:type\" content=\"image\/jpeg\" \/>\n<meta name=\"twitter:card\" content=\"summary_large_image\" \/>\n<meta name=\"twitter:label1\" content=\"Est. reading time\" \/>\n\t<meta name=\"twitter:data1\" content=\"4 minutes\" \/>\n<script type=\"application\/ld+json\" class=\"yoast-schema-graph\">{\"@context\":\"https:\/\/schema.org\",\"@graph\":[{\"@type\":\"WebPage\",\"@id\":\"https:\/\/kiddymusics.egluu.com\/ca\/uneix-te-a-lequip\/\",\"url\":\"https:\/\/kiddymusics.egluu.com\/ca\/uneix-te-a-lequip\/\",\"name\":\"Uneix-te a l'equip | KiddyMusics\",\"isPartOf\":{\"@id\":\"https:\/\/kiddymusics.egluu.com\/ca\/#website\"},\"primaryImageOfPage\":{\"@id\":\"https:\/\/kiddymusics.egluu.com\/ca\/uneix-te-a-lequip\/#primaryimage\"},\"image\":{\"@id\":\"https:\/\/kiddymusics.egluu.com\/ca\/uneix-te-a-lequip\/#primaryimage\"},\"thumbnailUrl\":\"https:\/\/kiddymusics.egluu.com\/wp-content\/uploads\/2018\/02\/educadors-musicals.jpg\",\"datePublished\":\"2018-01-02T11:00:13+00:00\",\"dateModified\":\"2020-02-26T13:26:08+00:00\",\"breadcrumb\":{\"@id\":\"https:\/\/kiddymusics.egluu.com\/ca\/uneix-te-a-lequip\/#breadcrumb\"},\"inLanguage\":\"ca-ES\",\"potentialAction\":[{\"@type\":\"ReadAction\",\"target\":[\"https:\/\/kiddymusics.egluu.com\/ca\/uneix-te-a-lequip\/\"]}]},{\"@type\":\"ImageObject\",\"inLanguage\":\"ca-ES\",\"@id\":\"https:\/\/kiddymusics.egluu.com\/ca\/uneix-te-a-lequip\/#primaryimage\",\"url\":\"https:\/\/kiddymusics.egluu.com\/wp-content\/uploads\/2018\/02\/educadors-musicals.jpg\",\"contentUrl\":\"https:\/\/kiddymusics.egluu.com\/wp-content\/uploads\/2018\/02\/educadors-musicals.jpg\",\"width\":1024,\"height\":235,\"caption\":\"educadors musicals\"},{\"@type\":\"BreadcrumbList\",\"@id\":\"https:\/\/kiddymusics.egluu.com\/ca\/uneix-te-a-lequip\/#breadcrumb\",\"itemListElement\":[{\"@type\":\"ListItem\",\"position\":1,\"name\":\"Home\",\"item\":\"https:\/\/kiddymusics.egluu.com\/ca\/\"},{\"@type\":\"ListItem\",\"position\":2,\"name\":\"Uneix-te a l&#8217;equip\"}]},{\"@type\":\"WebSite\",\"@id\":\"https:\/\/kiddymusics.egluu.com\/ca\/#website\",\"url\":\"https:\/\/kiddymusics.egluu.com\/ca\/\",\"name\":\"KiddyMusics\",\"description\":\"Plataforma per a l\u2019Educaci\u00f3 i la Difusi\u00f3 de la M\u00fasica\",\"publisher\":{\"@id\":\"https:\/\/kiddymusics.egluu.com\/ca\/#organization\"},\"potentialAction\":[{\"@type\":\"SearchAction\",\"target\":{\"@type\":\"EntryPoint\",\"urlTemplate\":\"https:\/\/kiddymusics.egluu.com\/ca\/?s={search_term_string}\"},\"query-input\":{\"@type\":\"PropertyValueSpecification\",\"valueRequired\":true,\"valueName\":\"search_term_string\"}}],\"inLanguage\":\"ca-ES\"},{\"@type\":\"Organization\",\"@id\":\"https:\/\/kiddymusics.egluu.com\/ca\/#organization\",\"name\":\"KiddyMusics\",\"url\":\"https:\/\/kiddymusics.egluu.com\/ca\/\",\"logo\":{\"@type\":\"ImageObject\",\"inLanguage\":\"ca-ES\",\"@id\":\"https:\/\/kiddymusics.egluu.com\/ca\/#\/schema\/logo\/image\/\",\"url\":\"https:\/\/kiddymusics.egluu.com\/wp-content\/uploads\/2019\/12\/cropped-KM-logo-235.png\",\"contentUrl\":\"https:\/\/kiddymusics.egluu.com\/wp-content\/uploads\/2019\/12\/cropped-KM-logo-235.png\",\"width\":250,\"height\":250,\"caption\":\"KiddyMusics\"},\"image\":{\"@id\":\"https:\/\/kiddymusics.egluu.com\/ca\/#\/schema\/logo\/image\/\"}}]}<\/script>\n<!-- \/ Yoast SEO plugin. -->","yoast_head_json":{"title":"Uneix-te a l'equip | KiddyMusics","robots":{"index":"noindex","follow":"follow","max-snippet":"max-snippet:-1","max-image-preview":"max-image-preview:large","max-video-preview":"max-video-preview:-1"},"og_locale":"ca_ES","og_type":"article","og_title":"Uneix-te a l'equip | KiddyMusics","og_description":"Forma't amb Nosaltres","og_url":"https:\/\/kiddymusics.egluu.com\/ca\/uneix-te-a-lequip\/","og_site_name":"KiddyMusics","article_modified_time":"2020-02-26T13:26:08+00:00","og_image":[{"width":1024,"height":235,"url":"https:\/\/kiddymusics.egluu.com\/wp-content\/uploads\/2018\/02\/educadors-musicals.jpg","type":"image\/jpeg"}],"twitter_card":"summary_large_image","twitter_misc":{"Est. reading time":"4 minutes"},"schema":{"@context":"https:\/\/schema.org","@graph":[{"@type":"WebPage","@id":"https:\/\/kiddymusics.egluu.com\/ca\/uneix-te-a-lequip\/","url":"https:\/\/kiddymusics.egluu.com\/ca\/uneix-te-a-lequip\/","name":"Uneix-te a l'equip | KiddyMusics","isPartOf":{"@id":"https:\/\/kiddymusics.egluu.com\/ca\/#website"},"primaryImageOfPage":{"@id":"https:\/\/kiddymusics.egluu.com\/ca\/uneix-te-a-lequip\/#primaryimage"},"image":{"@id":"https:\/\/kiddymusics.egluu.com\/ca\/uneix-te-a-lequip\/#primaryimage"},"thumbnailUrl":"https:\/\/kiddymusics.egluu.com\/wp-content\/uploads\/2018\/02\/educadors-musicals.jpg","datePublished":"2018-01-02T11:00:13+00:00","dateModified":"2020-02-26T13:26:08+00:00","breadcrumb":{"@id":"https:\/\/kiddymusics.egluu.com\/ca\/uneix-te-a-lequip\/#breadcrumb"},"inLanguage":"ca-ES","potentialAction":[{"@type":"ReadAction","target":["https:\/\/kiddymusics.egluu.com\/ca\/uneix-te-a-lequip\/"]}]},{"@type":"ImageObject","inLanguage":"ca-ES","@id":"https:\/\/kiddymusics.egluu.com\/ca\/uneix-te-a-lequip\/#primaryimage","url":"https:\/\/kiddymusics.egluu.com\/wp-content\/uploads\/2018\/02\/educadors-musicals.jpg","contentUrl":"https:\/\/kiddymusics.egluu.com\/wp-content\/uploads\/2018\/02\/educadors-musicals.jpg","width":1024,"height":235,"caption":"educadors musicals"},{"@type":"BreadcrumbList","@id":"https:\/\/kiddymusics.egluu.com\/ca\/uneix-te-a-lequip\/#breadcrumb","itemListElement":[{"@type":"ListItem","position":1,"name":"Home","item":"https:\/\/kiddymusics.egluu.com\/ca\/"},{"@type":"ListItem","position":2,"name":"Uneix-te a l&#8217;equip"}]},{"@type":"WebSite","@id":"https:\/\/kiddymusics.egluu.com\/ca\/#website","url":"https:\/\/kiddymusics.egluu.com\/ca\/","name":"KiddyMusics","description":"Plataforma per a l\u2019Educaci\u00f3 i la Difusi\u00f3 de la M\u00fasica","publisher":{"@id":"https:\/\/kiddymusics.egluu.com\/ca\/#organization"},"potentialAction":[{"@type":"SearchAction","target":{"@type":"EntryPoint","urlTemplate":"https:\/\/kiddymusics.egluu.com\/ca\/?s={search_term_string}"},"query-input":{"@type":"PropertyValueSpecification","valueRequired":true,"valueName":"search_term_string"}}],"inLanguage":"ca-ES"},{"@type":"Organization","@id":"https:\/\/kiddymusics.egluu.com\/ca\/#organization","name":"KiddyMusics","url":"https:\/\/kiddymusics.egluu.com\/ca\/","logo":{"@type":"ImageObject","inLanguage":"ca-ES","@id":"https:\/\/kiddymusics.egluu.com\/ca\/#\/schema\/logo\/image\/","url":"https:\/\/kiddymusics.egluu.com\/wp-content\/uploads\/2019\/12\/cropped-KM-logo-235.png","contentUrl":"https:\/\/kiddymusics.egluu.com\/wp-content\/uploads\/2019\/12\/cropped-KM-logo-235.png","width":250,"height":250,"caption":"KiddyMusics"},"image":{"@id":"https:\/\/kiddymusics.egluu.com\/ca\/#\/schema\/logo\/image\/"}}]}},"_links":{"self":[{"href":"https:\/\/kiddymusics.egluu.com\/ca\/wp-json\/wp\/v2\/pages\/229","targetHints":{"allow":["GET"]}}],"collection":[{"href":"https:\/\/kiddymusics.egluu.com\/ca\/wp-json\/wp\/v2\/pages"}],"about":[{"href":"https:\/\/kiddymusics.egluu.com\/ca\/wp-json\/wp\/v2\/types\/page"}],"author":[{"embeddable":true,"href":"https:\/\/kiddymusics.egluu.com\/ca\/wp-json\/wp\/v2\/users\/1"}],"replies":[{"embeddable":true,"href":"https:\/\/kiddymusics.egluu.com\/ca\/wp-json\/wp\/v2\/comments?post=229"}],"version-history":[{"count":82,"href":"https:\/\/kiddymusics.egluu.com\/ca\/wp-json\/wp\/v2\/pages\/229\/revisions"}],"predecessor-version":[{"id":3634,"href":"https:\/\/kiddymusics.egluu.com\/ca\/wp-json\/wp\/v2\/pages\/229\/revisions\/3634"}],"wp:featuredmedia":[{"embeddable":true,"href":"https:\/\/kiddymusics.egluu.com\/ca\/wp-json\/wp\/v2\/media\/1574"}],"wp:attachment":[{"href":"https:\/\/kiddymusics.egluu.com\/ca\/wp-json\/wp\/v2\/media?parent=229"}],"curies":[{"name":"wp","href":"https:\/\/api.w.org\/{rel}","templated":true}]}}